{"id":9139,"date":"2024-10-24T09:43:25","date_gmt":"2024-10-24T09:43:25","guid":{"rendered":"https:\/\/vin.is\/verslun\/hugel-classic-gewurztraminer\/"},"modified":"2026-04-10T15:27:37","modified_gmt":"2026-04-10T15:27:37","slug":"hugel-classic-gewurztraminer","status":"publish","type":"product","link":"https:\/\/vin.is\/en\/verslun\/hugel-classic-gewurztraminer\/","title":{"rendered":"Hugel Classic Gew\u00fcrztraminerr"},"content":{"rendered":"<p class=\"MsoNormal\" style=\"margin: 0in;font-size: 16px;font-family: Aptos, sans-serif\"><span style=\"color: black\">Hugel v\u00ednger\u00a8arh\u00fasi\u00a8 er eitt \u00cfa\u00a8 elsta og virtasta \u00ed Alsace h\u00e9ra\u00a8i<br \/>\n        \u00ed Frakklandi.<\/span><\/p>\n<p class=\"MsoNormal\" style=\"margin: 0in;font-size: 16px;font-family: Aptos, sans-serif\"><span style=\"color: black\">H\u00e9ra\u00a8i\u00a8 er fr\u00e6gt fyrir framlei\u00a8slu \u00e1 h\u00e1g\u00e6\u00a8a hv\u00edtv\u00ednum.<\/span><\/p>\n<p class=\"MsoNormal\" style=\"margin: 0in;font-size: 16px;font-family: Aptos, sans-serif\"><span style=\"color: black\">H\u00e9r er \u00e1 fer\u00a8inni einst\u00f6k berjategund sem kallast Gew\u00fcrztraminer \u00ed<br \/>\n        \u00cfessu v\u00edni,<\/span><\/p>\n<p class=\"MsoNormal\" style=\"margin: 0in;font-size: 16px;font-family: Aptos, sans-serif\"><span style=\"color: black\">Berjategundin er fr\u00e6g fyrir a\u00a8 vera einstaklega ilmr\u00edk og skilar<br \/>\n        miklum su\u00a8r\u00e6num \u00e1vaxtat\u00f3num og keim af hunangi og bl\u00f3mum.<\/span><\/p>\n<p class=\"MsoNormal\" style=\"margin: 0in;font-size: 16px;font-family: Aptos, sans-serif\"><span style=\"color: black\">Einstakt t\u00e6kif\u00e6ri til a\u00a8 kynnast algj\u00f6rri klass\u00edk \u00ed franskri<br \/>\n        v\u00ednger\u00a8.<\/span><\/p>","protected":false},"excerpt":{"rendered":"<p>Hugel v\u00ednger\u00a8arh\u00fasi\u00a8 er eitt \u00cfa\u00a8 elsta og virtasta \u00ed Alsace h\u00e9ra\u00a8i \u00ed Frakklandi. H\u00e9ra\u00a8i\u00a8 er fr\u00e6gt fyrir framlei\u00a8slu \u00e1 h\u00e1g\u00e6\u00a8a hv\u00edtv\u00ednum. H\u00e9r er \u00e1 fer\u00a8inni einst\u00f6k berjategund sem kallast Gew\u00fcrztraminer \u00ed \u00cfessu v\u00edni, Berjategundin er fr\u00e6g fyrir a\u00a8 vera einstaklega ilmr\u00edk og skilar miklum su\u00a8r\u00e6num \u00e1vaxtat\u00f3num og keim af hunangi og bl\u00f3mum. Einstakt t\u00e6kif\u00e6ri til [&hellip;]<\/p>","protected":false},"featured_media":4212,"template":"","meta":{"_acf_changed":false,"_themeisle_gutenberg_block_has_review":false},"product_brand":[],"product_cat":[38],"product_tag":[],"class_list":{"0":"post-9139","1":"product","2":"type-product","3":"status-publish","4":"has-post-thumbnail","6":"product_cat-hvitvin","8":"first","9":"instock","10":"taxable","11":"shipping-taxable","12":"purchasable","13":"product-type-simple"},"acf":[],"jetpack_sharing_enabled":true,"_links":{"self":[{"href":"https:\/\/vin.is\/en\/wp-json\/wp\/v2\/product\/9139","targetHints":{"allow":["GET"]}}],"collection":[{"href":"https:\/\/vin.is\/en\/wp-json\/wp\/v2\/product"}],"about":[{"href":"https:\/\/vin.is\/en\/wp-json\/wp\/v2\/types\/product"}],"wp:featuredmedia":[{"embeddable":true,"href":"https:\/\/vin.is\/en\/wp-json\/wp\/v2\/media\/4212"}],"wp:attachment":[{"href":"https:\/\/vin.is\/en\/wp-json\/wp\/v2\/media?parent=9139"}],"wp:term":[{"taxonomy":"product_brand","embeddable":true,"href":"https:\/\/vin.is\/en\/wp-json\/wp\/v2\/product_brand?post=9139"},{"taxonomy":"product_cat","embeddable":true,"href":"https:\/\/vin.is\/en\/wp-json\/wp\/v2\/product_cat?post=9139"},{"taxonomy":"product_tag","embeddable":true,"href":"https:\/\/vin.is\/en\/wp-json\/wp\/v2\/product_tag?post=9139"}],"curies":[{"name":"wp","href":"https:\/\/api.w.org\/{rel}","templated":true}]}}