{"id":9138,"date":"2025-01-16T12:34:24","date_gmt":"2025-01-16T12:34:24","guid":{"rendered":"https:\/\/vin.is\/verslun\/valdo-ice-blanc-de-blanc-750-ml-11\/"},"modified":"2026-04-08T09:22:51","modified_gmt":"2026-04-08T09:22:51","slug":"valdo-ice-blanc-de-blanc-750-ml-11","status":"publish","type":"product","link":"https:\/\/vin.is\/en\/verslun\/valdo-ice-blanc-de-blanc-750-ml-11\/","title":{"rendered":"Valdo Ice Blanc de Blanc"},"content":{"rendered":"<p class=\"MsoNormal\" style=\"margin: 0in;font-size: 16px;font-family: Aptos, sans-serif\"><span style=\"color: black\">Prosecco er frey\u00a8iv\u00edni\u00a8 sem er vins\u00e6last \u00cfessa dagana.<\/span><\/p>\n<p class=\"MsoNormal\" style=\"margin: 0in;font-size: 16px;font-family: Aptos, sans-serif\"><span style=\"color: black\">\u00d0a\u00a8 kemur fr\u00e1 Nor\u00a8ur-\u00b4tal\u00edu og er gert \u00far berjategundinni Glera.<\/span><\/p>\n<p class=\"MsoNormal\" style=\"margin: 0in;font-size: 16px;font-family: Aptos, sans-serif\"><span style=\"color: black\">Valdo Ice er fr\u00e1brug\u00a8inn \u00f6\u00a8ru Prosecco \u00cfar sem \u00cfa\u00a8 er merkt me\u00a8<br \/>\n        or\u00a8inu Ice,<\/span><\/p>\n<p class=\"MsoNormal\" style=\"margin: 0in;font-size: 16px;font-family: Aptos, sans-serif\"><span style=\"color: black\">\u00d0a\u00a8 innifelur a\u00a8 v\u00edni\u00a8 er vel s\u00e6tt og hentar vel a\u00a8 setja \u00cfa\u00a8 \u00ed<br \/>\n        glas \u00e1 klaka.<\/span><\/p>\n<p class=\"MsoNormal\" style=\"margin: 0in;font-size: 16px;font-family: Aptos, sans-serif\"><span style=\"color: black\">\u00b4skallt er \u00cfa\u00a8 best, ef ekki er til klaki, \u00cf\u00e1 er bara a\u00a8 drekka<br \/>\n        \u00cfa\u00a8 \u00edskallt \u00far \u00edssk\u00e1pnum.<\/span><\/p>","protected":false},"excerpt":{"rendered":"<p>Prosecco er frey\u00a8iv\u00edni\u00a8 sem er vins\u00e6last \u00cfessa dagana. \u00d0a\u00a8 kemur fr\u00e1 Nor\u00a8ur-\u00b4tal\u00edu og er gert \u00far berjategundinni Glera. Valdo Ice er fr\u00e1brug\u00a8inn \u00f6\u00a8ru Prosecco \u00cfar sem \u00cfa\u00a8 er merkt me\u00a8 or\u00a8inu Ice, \u00d0a\u00a8 innifelur a\u00a8 v\u00edni\u00a8 er vel s\u00e6tt og hentar vel a\u00a8 setja \u00cfa\u00a8 \u00ed glas \u00e1 klaka. \u00b4skallt er \u00cfa\u00a8 best, ef ekki [&hellip;]<\/p>\n","protected":false},"featured_media":2860,"template":"","meta":{"_acf_changed":false,"_themeisle_gutenberg_block_has_review":false},"product_brand":[],"product_cat":[37,136],"product_tag":[],"class_list":{"0":"post-9138","1":"product","2":"type-product","3":"status-publish","4":"has-post-thumbnail","6":"product_cat-kampavinfreydivin","7":"product_cat-undir2000kr","9":"first","10":"instock","11":"taxable","12":"shipping-taxable","13":"purchasable","14":"product-type-simple"},"acf":[],"jetpack_sharing_enabled":true,"_links":{"self":[{"href":"https:\/\/vin.is\/en\/wp-json\/wp\/v2\/product\/9138","targetHints":{"allow":["GET"]}}],"collection":[{"href":"https:\/\/vin.is\/en\/wp-json\/wp\/v2\/product"}],"about":[{"href":"https:\/\/vin.is\/en\/wp-json\/wp\/v2\/types\/product"}],"wp:featuredmedia":[{"embeddable":true,"href":"https:\/\/vin.is\/en\/wp-json\/wp\/v2\/media\/2860"}],"wp:attachment":[{"href":"https:\/\/vin.is\/en\/wp-json\/wp\/v2\/media?parent=9138"}],"wp:term":[{"taxonomy":"product_brand","embeddable":true,"href":"https:\/\/vin.is\/en\/wp-json\/wp\/v2\/product_brand?post=9138"},{"taxonomy":"product_cat","embeddable":true,"href":"https:\/\/vin.is\/en\/wp-json\/wp\/v2\/product_cat?post=9138"},{"taxonomy":"product_tag","embeddable":true,"href":"https:\/\/vin.is\/en\/wp-json\/wp\/v2\/product_tag?post=9138"}],"curies":[{"name":"wp","href":"https:\/\/api.w.org\/{rel}","templated":true}]}}