{"id":81716,"date":"2026-03-24T11:42:13","date_gmt":"2026-03-24T11:42:13","guid":{"rendered":"https:\/\/vin.is\/verslun\/stoli-ginger-beer-dos-250ml\/"},"modified":"2026-04-09T15:01:16","modified_gmt":"2026-04-09T15:01:16","slug":"stoli-ginger-beer-dos-250ml","status":"publish","type":"product","link":"https:\/\/vin.is\/en\/verslun\/stoli-ginger-beer-dos-250ml\/","title":{"rendered":"Stoli Ginger Beer D\u00f3s 250ml"},"content":{"rendered":"<p>Vatn, hreinn reyrsykur, n\u00e1tt\u00farulegt engifer\u00cfykkni og \u00f6nnur n\u00e1tt\u00faruleg brag\u00a8efni, kal\u00edumsorbat (vi\u00a8heldur ferskleika), s\u00edtr\u00f3nus\u00d5ra, natr\u00edumbens\u00f3at (vi\u00a8heldur ferskleika), salt.<\/p>\n<p><\/p>\n<p>Hver uppskrift h\u00e9r a\u00a8 ne\u00a8an dugar \u00ed 2 k\u00f6nnur\/gl\u00f6s\n<\/p>\n<p>\n Hef\u00a8bundinn Moscow Mule<\/p>\n<p> 120 ml Stoli vodka<\/p>\n<p>\n 1 x lime (safinn)\n<\/p>\n<p> 250 ml Stoli ginger beer\n<\/p>\n<p> Klakar\n<\/p>\n<p> Fersk mynta og limesnei\u00a8 til skrauts<\/p>\n<p>\n Fylli\u00a8 k\u00f6nnuna af kl\u00f6kum til h\u00e1lfs.<br \/>\n Helli\u00a8 vodka \u00ed k\u00f6nnuna, kreisti\u00a8 lime yfir og fylli\u00a8 upp \u00ed me\u00a8 engiferbj\u00f3r.<br \/>\n Hr\u00e6ri\u00a8 saman me\u00a8 r\u00f6ri og skreyti\u00a8 me\u00a8 ferskri myntu og limesnei\u00a8.<\/p>","protected":false},"excerpt":{"rendered":"<p>Vatn, hreinn reyrsykur, n\u00e1tt\u00farulegt engifer\u00cfykkni og \u00f6nnur n\u00e1tt\u00faruleg brag\u00a8efni, kal\u00edumsorbat (vi\u00a8heldur ferskleika), s\u00edtr\u00f3nus\u00d5ra, natr\u00edumbens\u00f3at (vi\u00a8heldur ferskleika), salt. Hver uppskrift h\u00e9r a\u00a8 ne\u00a8an dugar \u00ed 2 k\u00f6nnur\/gl\u00f6s Hef\u00a8bundinn Moscow Mule 120 ml Stoli vodka 1 x lime (safinn) 250 ml Stoli ginger beer Klakar Fersk mynta og limesnei\u00a8 til skrauts Fylli\u00a8 k\u00f6nnuna af kl\u00f6kum til h\u00e1lfs. [&hellip;]<\/p>","protected":false},"featured_media":79566,"template":"","meta":{"_acf_changed":false,"_themeisle_gutenberg_block_has_review":false},"product_brand":[],"product_cat":[63],"product_tag":[],"class_list":{"0":"post-81716","1":"product","2":"type-product","3":"status-publish","4":"has-post-thumbnail","6":"product_cat-bjor","8":"first","9":"outofstock","10":"taxable","11":"shipping-taxable","12":"purchasable","13":"product-type-simple"},"acf":[],"jetpack_sharing_enabled":true,"_links":{"self":[{"href":"https:\/\/vin.is\/en\/wp-json\/wp\/v2\/product\/81716","targetHints":{"allow":["GET"]}}],"collection":[{"href":"https:\/\/vin.is\/en\/wp-json\/wp\/v2\/product"}],"about":[{"href":"https:\/\/vin.is\/en\/wp-json\/wp\/v2\/types\/product"}],"wp:featuredmedia":[{"embeddable":true,"href":"https:\/\/vin.is\/en\/wp-json\/wp\/v2\/media\/79566"}],"wp:attachment":[{"href":"https:\/\/vin.is\/en\/wp-json\/wp\/v2\/media?parent=81716"}],"wp:term":[{"taxonomy":"product_brand","embeddable":true,"href":"https:\/\/vin.is\/en\/wp-json\/wp\/v2\/product_brand?post=81716"},{"taxonomy":"product_cat","embeddable":true,"href":"https:\/\/vin.is\/en\/wp-json\/wp\/v2\/product_cat?post=81716"},{"taxonomy":"product_tag","embeddable":true,"href":"https:\/\/vin.is\/en\/wp-json\/wp\/v2\/product_tag?post=81716"}],"curies":[{"name":"wp","href":"https:\/\/api.w.org\/{rel}","templated":true}]}}