{"id":781,"date":"2025-01-16T12:28:27","date_gmt":"2025-01-16T12:28:27","guid":{"rendered":"https:\/\/vin.webdev.is\/product\/krombacher-hell-500-dos\/"},"modified":"2026-04-09T09:40:23","modified_gmt":"2026-04-09T09:40:23","slug":"krombacher-hell-500-dos","status":"publish","type":"product","link":"https:\/\/vin.is\/en\/verslun\/krombacher-hell-500-dos\/","title":{"rendered":"Krombacher Hell d\u00f3s 24 \u00ed kassa"},"content":{"rendered":"<p>4 stykki \u00ed pakka.<\/p>","protected":false},"excerpt":{"rendered":"<p>4 stykki \u00ed pakka.<\/p>","protected":false},"featured_media":1801,"template":"","meta":{"_acf_changed":false,"_themeisle_gutenberg_block_has_review":false},"product_brand":[],"product_cat":[82,63],"product_tag":[],"class_list":{"0":"post-781","1":"product","2":"type-product","3":"status-publish","4":"has-post-thumbnail","6":"product_cat-tilbodsvin","7":"product_cat-bjor","9":"first","10":"instock","11":"sale","12":"taxable","13":"shipping-taxable","14":"purchasable","15":"product-type-simple"},"acf":[],"jetpack_sharing_enabled":true,"_links":{"self":[{"href":"https:\/\/vin.is\/en\/wp-json\/wp\/v2\/product\/781","targetHints":{"allow":["GET"]}}],"collection":[{"href":"https:\/\/vin.is\/en\/wp-json\/wp\/v2\/product"}],"about":[{"href":"https:\/\/vin.is\/en\/wp-json\/wp\/v2\/types\/product"}],"wp:featuredmedia":[{"embeddable":true,"href":"https:\/\/vin.is\/en\/wp-json\/wp\/v2\/media\/1801"}],"wp:attachment":[{"href":"https:\/\/vin.is\/en\/wp-json\/wp\/v2\/media?parent=781"}],"wp:term":[{"taxonomy":"product_brand","embeddable":true,"href":"https:\/\/vin.is\/en\/wp-json\/wp\/v2\/product_brand?post=781"},{"taxonomy":"product_cat","embeddable":true,"href":"https:\/\/vin.is\/en\/wp-json\/wp\/v2\/product_cat?post=781"},{"taxonomy":"product_tag","embeddable":true,"href":"https:\/\/vin.is\/en\/wp-json\/wp\/v2\/product_tag?post=781"}],"curies":[{"name":"wp","href":"https:\/\/api.w.org\/{rel}","templated":true}]}}