{"id":618,"date":"2024-08-28T08:58:40","date_gmt":"2024-08-28T08:58:40","guid":{"rendered":"https:\/\/vin.webdev.is\/product\/domanie-drouhin-rose-rock-chardonnay\/"},"modified":"2026-02-24T11:26:53","modified_gmt":"2026-02-24T11:26:53","slug":"domanie-drouhin-rose-rock-chardonnay","status":"publish","type":"product","link":"https:\/\/vin.is\/en\/verslun\/domanie-drouhin-rose-rock-chardonnay\/","title":{"rendered":"Domanie Drouhin Rose Rock Chardonnay"},"content":{"rendered":"<p>Joseph Drouhin sem er i hjarta Burgandy, Beaune Frakklandi, b\u00fd\u00f0ur h\u00e9r upp\u00e1 hv\u00edtv\u00edn Rose Rock fr\u00e1 Oregon USA.&nbsp; \u00c1 sama h\u00e1tt of Drouhin gerir \u00ed Frakklandi \u00fe\u00e1 er landi\u00f0 \u00feeirra \u00ed USA s\u00e9rstaklega vali\u00f0 fyrir g\u00f3\u00f0an jar\u00f0veg og fr\u00e1b\u00e6rt ve\u00f0urfar sem passar \u00ed v\u00ednframlei\u00f0slu.&nbsp; V\u00edni\u00f0 er me\u00f0 framlei\u00f0slu stimpil&nbsp;&nbsp;<a href=\"https:\/\/livecertified.org\/\">https:\/\/livecertified.org\/<\/a><\/p>\n<p>750 ml 14% og f\u00e6r 4,0 stj\u00f6rnur fr\u00e1&nbsp;<a href=\"https:\/\/www.vivino.com\/US-CA\/en\/rose-rock-chardonnay\/w\/4298551?year=2021&amp;price_id=34453829\">https:\/\/www.vivino.com\/US-CA\/en\/rose-rock-chardonnay\/w\/4298551?year=2021&amp;price_id=34453829<\/a><\/p>","protected":false},"excerpt":{"rendered":"<p>Joseph Drouhin sem er i hjarta Burgandy, Beaune Frakklandi, b\u00fd\u00f0ur h\u00e9r upp\u00e1 hv\u00edtv\u00edn Rose Rock fr\u00e1 Oregon USA.&nbsp; \u00c1 sama h\u00e1tt of Drouhin gerir \u00ed Frakklandi \u00fe\u00e1 er landi\u00f0 \u00feeirra \u00ed USA s\u00e9rstaklega vali\u00f0 fyrir g\u00f3\u00f0an jar\u00f0veg og fr\u00e1b\u00e6rt ve\u00f0urfar sem passar \u00ed v\u00ednframlei\u00f0slu.&nbsp; V\u00edni\u00f0 er me\u00f0 framlei\u00f0slu stimpil&nbsp;&nbsp;https:\/\/livecertified.org\/ 750 ml 14% og f\u00e6r 4,0 [&hellip;]<\/p>\n","protected":false},"featured_media":1720,"template":"","meta":{"_acf_changed":false,"_themeisle_gutenberg_block_has_review":false},"product_brand":[],"product_cat":[38],"product_tag":[],"class_list":{"0":"post-618","1":"product","2":"type-product","3":"status-publish","4":"has-post-thumbnail","6":"product_cat-hvitvin","8":"first","9":"instock","10":"taxable","11":"shipping-taxable","12":"purchasable","13":"product-type-simple"},"acf":[],"jetpack_sharing_enabled":true,"_links":{"self":[{"href":"https:\/\/vin.is\/en\/wp-json\/wp\/v2\/product\/618","targetHints":{"allow":["GET"]}}],"collection":[{"href":"https:\/\/vin.is\/en\/wp-json\/wp\/v2\/product"}],"about":[{"href":"https:\/\/vin.is\/en\/wp-json\/wp\/v2\/types\/product"}],"wp:featuredmedia":[{"embeddable":true,"href":"https:\/\/vin.is\/en\/wp-json\/wp\/v2\/media\/1720"}],"wp:attachment":[{"href":"https:\/\/vin.is\/en\/wp-json\/wp\/v2\/media?parent=618"}],"wp:term":[{"taxonomy":"product_brand","embeddable":true,"href":"https:\/\/vin.is\/en\/wp-json\/wp\/v2\/product_brand?post=618"},{"taxonomy":"product_cat","embeddable":true,"href":"https:\/\/vin.is\/en\/wp-json\/wp\/v2\/product_cat?post=618"},{"taxonomy":"product_tag","embeddable":true,"href":"https:\/\/vin.is\/en\/wp-json\/wp\/v2\/product_tag?post=618"}],"curies":[{"name":"wp","href":"https:\/\/api.w.org\/{rel}","templated":true}]}}