{"id":4785,"date":"2024-08-30T14:53:41","date_gmt":"2024-08-30T14:53:41","guid":{"rendered":"https:\/\/vin.is\/verslun\/tequila-rose-liqueur-50ml\/"},"modified":"2026-03-04T12:37:42","modified_gmt":"2026-03-04T12:37:42","slug":"tequila-rose-liqueur-50ml","status":"publish","type":"product","link":"https:\/\/vin.is\/en\/verslun\/tequila-rose-liqueur-50ml\/","title":{"rendered":"Tequila Rose Liqueur 50ml"},"content":{"rendered":"<p>N\u00fa bj\u00f3\u00f0um vi\u00f0 \u00e1 vin.is upp\u00e1 n\u00fdjasta drykkinn sem er a\u00f0 sl\u00e1 \u00ed gegn um allan heim \u2013 n\u00fa er komi\u00f0 a\u00f0 \u00cdslandi.&nbsp; Tequila Rose er upprunalegi jar\u00f0aberjarj\u00f3mal\u00edkj\u00f6rinn og marka\u00f0slei\u00f0andi \u2013&nbsp;A\u00f0 sameina tequila me\u00f0 jar\u00f0arberjarj\u00f3ma var dj\u00f6rf n\u00fdjung, fyrsti drykkur sinnar tegundar til a\u00f0 para rj\u00f3ma vi\u00f0 allt anna\u00f0 en \u00edrskt visk\u00ed. Framandi. \u00d3v\u00e6nt. Lj\u00faffengur. R\u00famum tuttugu \u00e1rum s\u00ed\u00f0ar er Tequila Rose enn mest seldi jar\u00f0arberjarj\u00f3mal\u00edkj\u00f6r heimsins og var innbl\u00e1sturinn sem ruddi brautina fyrir einstaka rj\u00f3mal\u00edkj\u00f6ra sem hafa fylgt \u00ed kj\u00f6lfari\u00f0.<\/p>","protected":false},"excerpt":{"rendered":"<p>N\u00fa bj\u00f3\u00f0um vi\u00f0 \u00e1 vin.is upp\u00e1 n\u00fdjasta drykkinn sem er a\u00f0 sl\u00e1 \u00ed gegn um allan heim \u2013 n\u00fa er komi\u00f0 a\u00f0 \u00cdslandi.&nbsp; Tequila Rose er upprunalegi jar\u00f0aberjarj\u00f3mal\u00edkj\u00f6rinn og marka\u00f0slei\u00f0andi \u2013&nbsp;A\u00f0 sameina tequila me\u00f0 jar\u00f0arberjarj\u00f3ma var dj\u00f6rf n\u00fdjung, fyrsti drykkur sinnar tegundar til a\u00f0 para rj\u00f3ma vi\u00f0 allt anna\u00f0 en \u00edrskt visk\u00ed. Framandi. \u00d3v\u00e6nt. Lj\u00faffengur. [&hellip;]<\/p>","protected":false},"featured_media":4784,"template":"","meta":{"_acf_changed":false,"_themeisle_gutenberg_block_has_review":false},"product_brand":[],"product_cat":[55,62],"product_tag":[],"class_list":{"0":"post-4785","1":"product","2":"type-product","3":"status-publish","4":"has-post-thumbnail","6":"product_cat-tequila","7":"product_cat-smafloskurminiature","9":"first","10":"instock","11":"taxable","12":"shipping-taxable","13":"purchasable","14":"product-type-simple"},"acf":[],"jetpack_sharing_enabled":true,"_links":{"self":[{"href":"https:\/\/vin.is\/en\/wp-json\/wp\/v2\/product\/4785","targetHints":{"allow":["GET"]}}],"collection":[{"href":"https:\/\/vin.is\/en\/wp-json\/wp\/v2\/product"}],"about":[{"href":"https:\/\/vin.is\/en\/wp-json\/wp\/v2\/types\/product"}],"wp:featuredmedia":[{"embeddable":true,"href":"https:\/\/vin.is\/en\/wp-json\/wp\/v2\/media\/4784"}],"wp:attachment":[{"href":"https:\/\/vin.is\/en\/wp-json\/wp\/v2\/media?parent=4785"}],"wp:term":[{"taxonomy":"product_brand","embeddable":true,"href":"https:\/\/vin.is\/en\/wp-json\/wp\/v2\/product_brand?post=4785"},{"taxonomy":"product_cat","embeddable":true,"href":"https:\/\/vin.is\/en\/wp-json\/wp\/v2\/product_cat?post=4785"},{"taxonomy":"product_tag","embeddable":true,"href":"https:\/\/vin.is\/en\/wp-json\/wp\/v2\/product_tag?post=4785"}],"curies":[{"name":"wp","href":"https:\/\/api.w.org\/{rel}","templated":true}]}}