{"id":4588,"date":"2025-06-20T09:29:45","date_gmt":"2025-06-20T09:29:45","guid":{"rendered":"https:\/\/vin.is\/verslun\/torres-ibericos-crianza\/"},"modified":"2026-04-14T11:17:21","modified_gmt":"2026-04-14T11:17:21","slug":"torres-ibericos-crianza","status":"publish","type":"product","link":"https:\/\/vin.is\/en\/verslun\/torres-ibericos-crianza\/","title":{"rendered":"Torres Ibericos Crianza"},"content":{"rendered":"<p>Fr\u00e1 einum af virtasta v\u00ednframlei\u00f0anda \u00ed heimi Torres, Crianza er fr\u00e1 Rioja einu af fr\u00e6gasta v\u00ednh\u00e9ra\u00f0i Sp\u00e1nar.<\/p>\n<p>\u00deykkur kirsuberjarau\u00f0ur litur. Bl\u00f3ma- (Damascus r\u00f3s) og \u00e1vextir (jar\u00f0arber, hindber) ilmur me\u00f0 kryddu\u00f0um og reyktum keim sem mi\u00f0la\u00f0 er af \u00f6ldrun eikar. Mj\u00fakt, me\u00f0 f\u00ednum, safar\u00edkum tann\u00ednum.<\/p>","protected":false},"excerpt":{"rendered":"<p>Fr\u00e1 einum af virtasta v\u00ednframlei\u00f0anda \u00ed heimi Torres, Crianza er fr\u00e1 Rioja einu af fr\u00e6gasta v\u00ednh\u00e9ra\u00f0i Sp\u00e1nar. \u00deykkur kirsuberjarau\u00f0ur litur. Bl\u00f3ma- (Damascus r\u00f3s) og \u00e1vextir (jar\u00f0arber, hindber) ilmur me\u00f0 kryddu\u00f0um og reyktum keim sem mi\u00f0la\u00f0 er af \u00f6ldrun eikar. Mj\u00fakt, me\u00f0 f\u00ednum, safar\u00edkum tann\u00ednum.<\/p>","protected":false},"featured_media":3209,"template":"","meta":{"_acf_changed":false,"_themeisle_gutenberg_block_has_review":false},"product_brand":[],"product_cat":[39],"product_tag":[],"class_list":{"0":"post-4588","1":"product","2":"type-product","3":"status-publish","4":"has-post-thumbnail","6":"product_cat-raudvin","8":"first","9":"instock","10":"taxable","11":"shipping-taxable","12":"purchasable","13":"product-type-simple"},"acf":[],"jetpack_sharing_enabled":true,"_links":{"self":[{"href":"https:\/\/vin.is\/en\/wp-json\/wp\/v2\/product\/4588","targetHints":{"allow":["GET"]}}],"collection":[{"href":"https:\/\/vin.is\/en\/wp-json\/wp\/v2\/product"}],"about":[{"href":"https:\/\/vin.is\/en\/wp-json\/wp\/v2\/types\/product"}],"wp:featuredmedia":[{"embeddable":true,"href":"https:\/\/vin.is\/en\/wp-json\/wp\/v2\/media\/3209"}],"wp:attachment":[{"href":"https:\/\/vin.is\/en\/wp-json\/wp\/v2\/media?parent=4588"}],"wp:term":[{"taxonomy":"product_brand","embeddable":true,"href":"https:\/\/vin.is\/en\/wp-json\/wp\/v2\/product_brand?post=4588"},{"taxonomy":"product_cat","embeddable":true,"href":"https:\/\/vin.is\/en\/wp-json\/wp\/v2\/product_cat?post=4588"},{"taxonomy":"product_tag","embeddable":true,"href":"https:\/\/vin.is\/en\/wp-json\/wp\/v2\/product_tag?post=4588"}],"curies":[{"name":"wp","href":"https:\/\/api.w.org\/{rel}","templated":true}]}}