{"id":4168,"date":"2024-09-03T09:50:49","date_gmt":"2024-09-03T09:50:49","guid":{"rendered":"https:\/\/vin.is\/verslun\/banfi-la-lus\/"},"modified":"2026-04-15T15:16:36","modified_gmt":"2026-04-15T15:16:36","slug":"banfi-la-lus","status":"publish","type":"product","link":"https:\/\/vin.is\/en\/verslun\/banfi-la-lus\/","title":{"rendered":"Banfi La Lus Albarossa"},"content":{"rendered":"<p>Hvort sem \u00cf\u00fa vilt geyma fl\u00f6skuna \u00ed m\u00f6rg \u00e1r e\u00a8a drekka hana n\u00fana \u00cf\u00e1 s\u00e9r\u00a8u \u00f3tr\u00falega skemmtilegan dj\u00fapan  rau\u00a8an lit \u00ed v\u00edninu.&nbsp; \u00d0etta v\u00edn passar \u00cfegar \u00cf\u00fa b\u00d5\u00a8ur g\u00f3\u00a8um vinum heim a\u00a8 bor\u00a8a og er fr\u00e1b\u00e6rt ne\u00a8 b\u00e6\u00a8i lambi og nauti. \u2026 vivino.com f\u00e6r v\u00edni\u00a8 fr\u00e1b\u00e6rar 4 stj\u00f6rnur&nbsp;<a href=\"https:\/\/www.vivino.com\/US-CA\/en\/banfi-la-lus-albarossa\/w\/1278336\">https:\/\/www.vivino.com\/US-CA\/en\/banfi-la-lus-albarossa\/w\/1278336<\/a>&nbsp;<\/p>","protected":false},"excerpt":{"rendered":"<p>Hvort sem \u00cf\u00fa vilt geyma fl\u00f6skuna \u00ed m\u00f6rg \u00e1r e\u00a8a drekka hana n\u00fana \u00cf\u00e1 s\u00e9r\u00a8u \u00f3tr\u00falega skemmtilegan dj\u00fapan rau\u00a8an lit \u00ed v\u00edninu.&nbsp; \u00d0etta v\u00edn passar \u00cfegar \u00cf\u00fa b\u00d5\u00a8ur g\u00f3\u00a8um vinum heim a\u00a8 bor\u00a8a og er fr\u00e1b\u00e6rt ne\u00a8 b\u00e6\u00a8i lambi og nauti. \u2026 vivino.com f\u00e6r v\u00edni\u00a8 fr\u00e1b\u00e6rar 4 stj\u00f6rnur&nbsp;https:\/\/www.vivino.com\/US-CA\/en\/banfi-la-lus-albarossa\/w\/1278336&nbsp;<\/p>","protected":false},"featured_media":4167,"template":"","meta":{"_acf_changed":false,"_themeisle_gutenberg_block_has_review":false},"product_brand":[],"product_cat":[39],"product_tag":[],"class_list":{"0":"post-4168","1":"product","2":"type-product","3":"status-publish","4":"has-post-thumbnail","6":"product_cat-raudvin","8":"first","9":"instock","10":"taxable","11":"shipping-taxable","12":"purchasable","13":"product-type-simple"},"acf":[],"jetpack_sharing_enabled":true,"_links":{"self":[{"href":"https:\/\/vin.is\/en\/wp-json\/wp\/v2\/product\/4168","targetHints":{"allow":["GET"]}}],"collection":[{"href":"https:\/\/vin.is\/en\/wp-json\/wp\/v2\/product"}],"about":[{"href":"https:\/\/vin.is\/en\/wp-json\/wp\/v2\/types\/product"}],"wp:featuredmedia":[{"embeddable":true,"href":"https:\/\/vin.is\/en\/wp-json\/wp\/v2\/media\/4167"}],"wp:attachment":[{"href":"https:\/\/vin.is\/en\/wp-json\/wp\/v2\/media?parent=4168"}],"wp:term":[{"taxonomy":"product_brand","embeddable":true,"href":"https:\/\/vin.is\/en\/wp-json\/wp\/v2\/product_brand?post=4168"},{"taxonomy":"product_cat","embeddable":true,"href":"https:\/\/vin.is\/en\/wp-json\/wp\/v2\/product_cat?post=4168"},{"taxonomy":"product_tag","embeddable":true,"href":"https:\/\/vin.is\/en\/wp-json\/wp\/v2\/product_tag?post=4168"}],"curies":[{"name":"wp","href":"https:\/\/api.w.org\/{rel}","templated":true}]}}