{"id":3673,"date":"2024-10-11T09:27:52","date_gmt":"2024-10-11T09:27:52","guid":{"rendered":"https:\/\/vin.is\/verslun\/arpeggio-catarratto-750ml\/"},"modified":"2026-04-21T15:35:08","modified_gmt":"2026-04-21T15:35:08","slug":"arpeggio-catarratto-750ml","status":"publish","type":"product","link":"https:\/\/vin.is\/en\/verslun\/arpeggio-catarratto-750ml\/","title":{"rendered":"Arpeggio Catarratto 750ml"},"content":{"rendered":"<p>Arpeggio l\u00ednan kemur fr\u00e1 Sikileyju og samanstendur af rau\u00a8u, hv\u00edtu og r\u00f3sa v\u00edni, styrkleiki 12%. Framleidd af ca 2000 fj\u00f6ldskyldum sem koma saman og deila me\u00a8 s\u00e9r af sinni v\u00ednkunn\u00e1ttu. Velkomin a\u00a8 k\u00edkja \u00e1 heimsas\u00ed\u00a8u \u00cfeirra&nbsp;<a href=\"https:\/\/settesoli.com\/our-story\/\">https:\/\/settesoli.com\/our-story\/<\/a> &nbsp;G\u00f3\u00a8 \u00f3d\u00d5r einf\u00f6ld v\u00edn sem passa vel fyrir veislur og allar samkomor.<\/p>","protected":false},"excerpt":{"rendered":"<p>Arpeggio l\u00ednan kemur fr\u00e1 Sikileyju og samanstendur af rau\u00a8u, hv\u00edtu og r\u00f3sa v\u00edni, styrkleiki 12%. Framleidd af ca 2000 fj\u00f6ldskyldum sem koma saman og deila me\u00a8 s\u00e9r af sinni v\u00ednkunn\u00e1ttu. Velkomin a\u00a8 k\u00edkja \u00e1 heimsas\u00ed\u00a8u \u00cfeirra&nbsp;https:\/\/settesoli.com\/our-story\/ &nbsp;G\u00f3\u00a8 \u00f3d\u00d5r einf\u00f6ld v\u00edn sem passa vel fyrir veislur og allar samkomor.<\/p>","protected":false},"featured_media":3672,"template":"","meta":{"_acf_changed":false,"_themeisle_gutenberg_block_has_review":false},"product_brand":[],"product_cat":[38,136],"product_tag":[],"class_list":{"0":"post-3673","1":"product","2":"type-product","3":"status-publish","4":"has-post-thumbnail","6":"product_cat-hvitvin","7":"product_cat-undir2000kr","9":"first","10":"instock","11":"taxable","12":"shipping-taxable","13":"purchasable","14":"product-type-simple"},"acf":[],"jetpack_sharing_enabled":true,"_links":{"self":[{"href":"https:\/\/vin.is\/en\/wp-json\/wp\/v2\/product\/3673","targetHints":{"allow":["GET"]}}],"collection":[{"href":"https:\/\/vin.is\/en\/wp-json\/wp\/v2\/product"}],"about":[{"href":"https:\/\/vin.is\/en\/wp-json\/wp\/v2\/types\/product"}],"wp:featuredmedia":[{"embeddable":true,"href":"https:\/\/vin.is\/en\/wp-json\/wp\/v2\/media\/3672"}],"wp:attachment":[{"href":"https:\/\/vin.is\/en\/wp-json\/wp\/v2\/media?parent=3673"}],"wp:term":[{"taxonomy":"product_brand","embeddable":true,"href":"https:\/\/vin.is\/en\/wp-json\/wp\/v2\/product_brand?post=3673"},{"taxonomy":"product_cat","embeddable":true,"href":"https:\/\/vin.is\/en\/wp-json\/wp\/v2\/product_cat?post=3673"},{"taxonomy":"product_tag","embeddable":true,"href":"https:\/\/vin.is\/en\/wp-json\/wp\/v2\/product_tag?post=3673"}],"curies":[{"name":"wp","href":"https:\/\/api.w.org\/{rel}","templated":true}]}}