{"id":32913,"date":"2025-03-18T09:15:45","date_gmt":"2025-03-18T09:15:45","guid":{"rendered":"https:\/\/vin.is\/verslun\/saku-originaal-500ml-dos-24-dosir-i-kassa\/"},"modified":"2026-04-07T14:05:27","modified_gmt":"2026-04-07T14:05:27","slug":"saku-originaal-500ml-dos-24-dosir-i-kassa","status":"publish","type":"product","link":"https:\/\/vin.is\/en\/verslun\/saku-originaal-500ml-dos-24-dosir-i-kassa\/","title":{"rendered":"Saku Originaal 500ml d\u00f3s- 24 d\u00f3sir \u00ed kassa"},"content":{"rendered":"<p>A\u00a8eins 39 kalor\u00edur per. 100ml!<\/p>","protected":false},"excerpt":{"rendered":"<p>A\u00a8eins 39 kalor\u00edur per. 100ml!<\/p>","protected":false},"featured_media":3468,"template":"","meta":{"_acf_changed":false,"_themeisle_gutenberg_block_has_review":false},"product_brand":[],"product_cat":[63],"product_tag":[],"class_list":{"0":"post-32913","1":"product","2":"type-product","3":"status-publish","4":"has-post-thumbnail","6":"product_cat-bjor","8":"first","9":"outofstock","10":"taxable","11":"shipping-taxable","12":"purchasable","13":"product-type-simple"},"acf":[],"jetpack_sharing_enabled":true,"_links":{"self":[{"href":"https:\/\/vin.is\/en\/wp-json\/wp\/v2\/product\/32913","targetHints":{"allow":["GET"]}}],"collection":[{"href":"https:\/\/vin.is\/en\/wp-json\/wp\/v2\/product"}],"about":[{"href":"https:\/\/vin.is\/en\/wp-json\/wp\/v2\/types\/product"}],"wp:featuredmedia":[{"embeddable":true,"href":"https:\/\/vin.is\/en\/wp-json\/wp\/v2\/media\/3468"}],"wp:attachment":[{"href":"https:\/\/vin.is\/en\/wp-json\/wp\/v2\/media?parent=32913"}],"wp:term":[{"taxonomy":"product_brand","embeddable":true,"href":"https:\/\/vin.is\/en\/wp-json\/wp\/v2\/product_brand?post=32913"},{"taxonomy":"product_cat","embeddable":true,"href":"https:\/\/vin.is\/en\/wp-json\/wp\/v2\/product_cat?post=32913"},{"taxonomy":"product_tag","embeddable":true,"href":"https:\/\/vin.is\/en\/wp-json\/wp\/v2\/product_tag?post=32913"}],"curies":[{"name":"wp","href":"https:\/\/api.w.org\/{rel}","templated":true}]}}