{"id":3128,"date":"2024-04-17T08:59:32","date_gmt":"2024-04-17T08:59:32","guid":{"rendered":"https:\/\/vin.is\/verslun\/black-1752-700ml\/"},"modified":"2026-02-20T15:28:38","modified_gmt":"2026-02-20T15:28:38","slug":"black-1752-700ml","status":"publish","type":"product","link":"https:\/\/vin.is\/en\/verslun\/black-1752-700ml\/","title":{"rendered":"Black 1752 , 35%"},"content":{"rendered":"<p>N\u00d5tt hj\u00e1 vin.is!<\/p>\n<p>Black 1752 Spiced spirit drink.<\/p>\n<p>Einst\u00f6k uppskrift sem b\u00fain var til \u00e1 18. \u00f6ld af hinum Lettneska lyfjafr\u00e6\u00a8ingi Abraham Kunz.<\/p>\n<p>Lykt: Bitter, s\u00e6tur keimur, kryddjurtir.<br \/>Brag\u00a8: \u2026vaxtar\u00edkt, krydda\u00a8 engifer, m\u00faskat, hunang, villiber.<\/p>\n<p>1\/3 af Sykurmagni mi\u00a8a\u00a8 vi\u00a8 marka\u00a8slei\u00a8ara.<\/p>","protected":false},"excerpt":{"rendered":"<p>N\u00d5tt hj\u00e1 vin.is! Black 1752 Spiced spirit drink. Einst\u00f6k uppskrift sem b\u00fain var til \u00e1 18. \u00f6ld af hinum Lettneska lyfjafr\u00e6\u00a8ingi Abraham Kunz. Lykt: Bitter, s\u00e6tur keimur, kryddjurtir.Brag\u00a8: \u2026vaxtar\u00edkt, krydda\u00a8 engifer, m\u00faskat, hunang, villiber. 1\/3 af Sykurmagni mi\u00a8a\u00a8 vi\u00a8 marka\u00a8slei\u00a8ara.<\/p>","protected":false},"featured_media":3127,"template":"","meta":{"_acf_changed":false,"_themeisle_gutenberg_block_has_review":false},"product_brand":[],"product_cat":[51,59],"product_tag":[],"class_list":{"0":"post-3128","1":"product","2":"type-product","3":"status-publish","4":"has-post-thumbnail","6":"product_cat-romm","7":"product_cat-likjorarbitter","9":"first","10":"outofstock","11":"taxable","12":"shipping-taxable","13":"purchasable","14":"product-type-simple"},"acf":[],"jetpack_sharing_enabled":true,"_links":{"self":[{"href":"https:\/\/vin.is\/en\/wp-json\/wp\/v2\/product\/3128","targetHints":{"allow":["GET"]}}],"collection":[{"href":"https:\/\/vin.is\/en\/wp-json\/wp\/v2\/product"}],"about":[{"href":"https:\/\/vin.is\/en\/wp-json\/wp\/v2\/types\/product"}],"wp:featuredmedia":[{"embeddable":true,"href":"https:\/\/vin.is\/en\/wp-json\/wp\/v2\/media\/3127"}],"wp:attachment":[{"href":"https:\/\/vin.is\/en\/wp-json\/wp\/v2\/media?parent=3128"}],"wp:term":[{"taxonomy":"product_brand","embeddable":true,"href":"https:\/\/vin.is\/en\/wp-json\/wp\/v2\/product_brand?post=3128"},{"taxonomy":"product_cat","embeddable":true,"href":"https:\/\/vin.is\/en\/wp-json\/wp\/v2\/product_cat?post=3128"},{"taxonomy":"product_tag","embeddable":true,"href":"https:\/\/vin.is\/en\/wp-json\/wp\/v2\/product_tag?post=3128"}],"curies":[{"name":"wp","href":"https:\/\/api.w.org\/{rel}","templated":true}]}}