{"id":1965,"date":"2024-08-28T08:55:03","date_gmt":"2024-08-28T08:55:03","guid":{"rendered":"https:\/\/vin.webdev.is\/verslun\/krombacher-pils-30000-kutur\/"},"modified":"2026-03-25T14:39:21","modified_gmt":"2026-03-25T14:39:21","slug":"krombacher-pils-30000-kutur","status":"publish","type":"product","link":"https:\/\/vin.is\/en\/verslun\/krombacher-pils-30000-kutur\/","title":{"rendered":"Krombacher Pils 30L k\u00fatur"},"content":{"rendered":"<p>Kauptu 2 e\u00f0a fleiri k\u00fata og f\u00e1\u00f0u Krombacher bj\u00f3rd\u00e6lu me\u00f0 til leigu me\u00f0 fr\u00edtt!<\/p>","protected":false},"excerpt":{"rendered":"<p>Kauptu 2 e\u00f0a fleiri k\u00fata og f\u00e1\u00f0u Krombacher bj\u00f3rd\u00e6lu me\u00f0 til leigu me\u00f0 fr\u00edtt!<\/p>","protected":false},"featured_media":2052,"template":"","meta":{"_acf_changed":false,"_themeisle_gutenberg_block_has_review":false},"product_brand":[],"product_cat":[63],"product_tag":[],"class_list":{"0":"post-1965","1":"product","2":"type-product","3":"status-publish","4":"has-post-thumbnail","6":"product_cat-bjor","8":"first","9":"instock","10":"taxable","11":"shipping-taxable","12":"purchasable","13":"product-type-simple"},"acf":[],"jetpack_sharing_enabled":true,"_links":{"self":[{"href":"https:\/\/vin.is\/en\/wp-json\/wp\/v2\/product\/1965","targetHints":{"allow":["GET"]}}],"collection":[{"href":"https:\/\/vin.is\/en\/wp-json\/wp\/v2\/product"}],"about":[{"href":"https:\/\/vin.is\/en\/wp-json\/wp\/v2\/types\/product"}],"wp:featuredmedia":[{"embeddable":true,"href":"https:\/\/vin.is\/en\/wp-json\/wp\/v2\/media\/2052"}],"wp:attachment":[{"href":"https:\/\/vin.is\/en\/wp-json\/wp\/v2\/media?parent=1965"}],"wp:term":[{"taxonomy":"product_brand","embeddable":true,"href":"https:\/\/vin.is\/en\/wp-json\/wp\/v2\/product_brand?post=1965"},{"taxonomy":"product_cat","embeddable":true,"href":"https:\/\/vin.is\/en\/wp-json\/wp\/v2\/product_cat?post=1965"},{"taxonomy":"product_tag","embeddable":true,"href":"https:\/\/vin.is\/en\/wp-json\/wp\/v2\/product_tag?post=1965"}],"curies":[{"name":"wp","href":"https:\/\/api.w.org\/{rel}","templated":true}]}}