{"id":17806,"date":"2024-11-28T12:01:47","date_gmt":"2024-11-28T12:01:47","guid":{"rendered":"https:\/\/vin.is\/verslun\/beronia-vinas-viejas-750-ml-145\/"},"modified":"2026-03-27T12:00:14","modified_gmt":"2026-03-27T12:00:14","slug":"beronia-vinas-viejas-750-ml-145","status":"publish","type":"product","link":"https:\/\/vin.is\/en\/verslun\/beronia-vinas-viejas-750-ml-145\/","title":{"rendered":"Beronia Vinas Viejas"},"content":{"rendered":"<p>Vinas Viejas fr\u00e1 Beronia er enn eitt snilldar v\u00edni\u00a8 fr\u00e1 Rioja.<br \/>\u00d0etta v\u00edn er merkt svona \u00cfar, sem \u00cfa\u00a8 er unni\u00a8 \u00far berjum af extra g\u00f6mlum v\u00ednvi\u00a8.<br \/>Tempranillo beri\u00a8 er einkennandi fyrir Rioja og \u00cfegar v\u00ednvi\u00a8urinn er me\u00a8 \u00e1ratuga reynslu \u00ed framlei\u00a8slu berja, \u00cf\u00e1 gerist eitthva\u00a8.<br \/>V\u00edni\u00a8 ver\u00a8ur brag\u00a8meira og h\u00e9r er berjabrag\u00a8i\u00a8 fullkomna\u00a8 me\u00a8 keim af rista\u00a8ri eikartunnu sem v\u00edni\u00a8 \u00cfroskast \u00e1.<br \/>Svo er \u00cfa\u00a8 geymt \u00e1 fl\u00f6skunni \u00cfar til \u00cfa\u00a8 er tilb\u00fai\u00a8 til a\u00a8 fara \u00e1 marka\u00a8.<\/p>","protected":false},"excerpt":{"rendered":"<p>Vinas Viejas fr\u00e1 Beronia er enn eitt snilldar v\u00edni\u00a8 fr\u00e1 Rioja.\u00d0etta v\u00edn er merkt svona \u00cfar, sem \u00cfa\u00a8 er unni\u00a8 \u00far berjum af extra g\u00f6mlum v\u00ednvi\u00a8.Tempranillo beri\u00a8 er einkennandi fyrir Rioja og \u00cfegar v\u00ednvi\u00a8urinn er me\u00a8 \u00e1ratuga reynslu \u00ed framlei\u00a8slu berja, \u00cf\u00e1 gerist eitthva\u00a8.V\u00edni\u00a8 ver\u00a8ur brag\u00a8meira og h\u00e9r er berjabrag\u00a8i\u00a8 fullkomna\u00a8 me\u00a8 keim af rista\u00a8ri [&hellip;]<\/p>","protected":false},"featured_media":2323,"template":"","meta":{"_acf_changed":false,"_themeisle_gutenberg_block_has_review":false},"product_brand":[],"product_cat":[39],"product_tag":[],"class_list":{"0":"post-17806","1":"product","2":"type-product","3":"status-publish","4":"has-post-thumbnail","6":"product_cat-raudvin","8":"first","9":"instock","10":"taxable","11":"shipping-taxable","12":"purchasable","13":"product-type-simple"},"acf":[],"jetpack_sharing_enabled":true,"_links":{"self":[{"href":"https:\/\/vin.is\/en\/wp-json\/wp\/v2\/product\/17806","targetHints":{"allow":["GET"]}}],"collection":[{"href":"https:\/\/vin.is\/en\/wp-json\/wp\/v2\/product"}],"about":[{"href":"https:\/\/vin.is\/en\/wp-json\/wp\/v2\/types\/product"}],"wp:featuredmedia":[{"embeddable":true,"href":"https:\/\/vin.is\/en\/wp-json\/wp\/v2\/media\/2323"}],"wp:attachment":[{"href":"https:\/\/vin.is\/en\/wp-json\/wp\/v2\/media?parent=17806"}],"wp:term":[{"taxonomy":"product_brand","embeddable":true,"href":"https:\/\/vin.is\/en\/wp-json\/wp\/v2\/product_brand?post=17806"},{"taxonomy":"product_cat","embeddable":true,"href":"https:\/\/vin.is\/en\/wp-json\/wp\/v2\/product_cat?post=17806"},{"taxonomy":"product_tag","embeddable":true,"href":"https:\/\/vin.is\/en\/wp-json\/wp\/v2\/product_tag?post=17806"}],"curies":[{"name":"wp","href":"https:\/\/api.w.org\/{rel}","templated":true}]}}