{"id":83,"date":"2023-09-24T20:07:29","date_gmt":"2023-09-24T20:07:29","guid":{"rendered":"https:\/\/vin.webdev.is\/?page_id=83"},"modified":"2023-12-28T14:19:14","modified_gmt":"2023-12-28T14:19:14","slug":"skilmalar","status":"publish","type":"page","link":"https:\/\/vin.is\/en\/skilmalar\/","title":{"rendered":"Skilm\u00e1lar"},"content":{"rendered":"<div data-elementor-type=\"wp-page\" data-elementor-id=\"83\" class=\"elementor elementor-83\" data-elementor-post-type=\"page\">\n\t\t\t\t\t\t<section class=\"elementor-section elementor-top-section elementor-element elementor-element-bf179e5 elementor-section-boxed elementor-section-height-default elementor-section-height-default\" data-id=\"bf179e5\" data-element_type=\"section\" data-settings=\"{&quot;mdp_selection_sticky_effect_enable&quot;:false}\">\n\t\t\t\t\t\t<div class=\"elementor-container elementor-column-gap-default\">\n\t\t\t\t\t<div class=\"elementor-column elementor-col-100 elementor-top-column elementor-element elementor-element-86c505b\" data-id=\"86c505b\" data-element_type=\"column\" data-settings=\"{&quot;mdp_selection_sticky_column_effect_enable&quot;:false}\">\n\t\t\t<div class=\"elementor-widget-wrap elementor-element-populated\">\n\t\t\t\t\t\t<div class=\"elementor-element elementor-element-27f9650 elementor-widget elementor-widget-text-editor\" data-id=\"27f9650\" data-element_type=\"widget\" data-widget_type=\"text-editor.default\">\n\t\t\t\t<div class=\"elementor-widget-container\">\n\t\t\t\t\t\t\t\t\t<header class=\"page-header\">\n<h1 class=\"entry-title\">Skilm\u00e1lar<\/h1>\n<\/header>\n<div class=\"page-content\">\n<p>\u00a0<\/p>\n<h2>www.vin.is<\/h2>\n<p>\u00a0<\/p>\n<h5>GILDI SKILM\u00c1LA<\/h5>\n<p>Skilm\u00e1lar \u00feessir eiga vi\u00f0 um s\u00f6lu \u00e1 v\u00f6rum og \u00fej\u00f3nustu fr\u00e1 V\u00cdN.IS \u00e1 heimas\u00ed\u00f0u \u00feess VIN.IS til vi\u00f0skiptavina. Vi\u00f0skiptavinir undirgangast \u00feessa skilm\u00e1la vi\u00f0 notkun og kaup \u00e1 VIN.IS.<\/p>\n<h5>ALDURSTAKMARK<\/h5>\n<p>\u00c1skili\u00f0 er a\u00f0 vi\u00f0skiptavinir hafi n\u00e1\u00f0 20 \u00e1ra aldri til \u00feess a\u00f0 geta versla\u00f0 \u00e1fengar v\u00f6rur \u00e1 VIN.IS.<\/p>\n<p>Allir vi\u00f0skiptavinir \u00feurfa a\u00f0 skr\u00e1 sig inn \u00e1 VIN.IS me\u00f0 netfangi og lykilor\u00f0i. \u00cd upphafi og s\u00ed\u00f0an vi\u00f0 hver vi\u00f0skipti skulu vi\u00f0skiptavinir au\u00f0kenna aldur sinn me\u00f0 rafr\u00e6num skilr\u00edkjum.<\/p>\n<p>Vi\u00f0skiptavinir bera \u00e1byrg\u00f0 \u00e1 a\u00f0 a\u00f0gangsau\u00f0kenni komist ekki \u00ed hendur annarra a\u00f0ila sem ekki hafa n\u00e1\u00f0 20 \u00e1ra aldri.<\/p>\n<h5>AFHENDING<\/h5>\n<p>V\u00f6rur VIN.IS ver\u00f0a afgreiddar \u00far v\u00f6ruh\u00fasi \u00feess sama daga og p\u00f6ntun er ger\u00f0 e\u00f0a n\u00e6sta virka dag. N\u00e1nari uppl\u00fdsingar um afhendingar m\u00e1 finna \u00e1 heimas\u00ed\u00f0u VIN.IS h\u00e9r.<\/p>\n<p>Sendingarkostna\u00f0ur b\u00e6tist vi\u00f0 ver\u00f0 hverrar p\u00f6ntunar \u00ed lok p\u00f6ntunarferlis og vi\u00f0 sta\u00f0festingu p\u00f6ntunar, \u00e1\u00f0ur en grei\u00f0sla er innt af hendi.<\/p>\n<p>Ef vara reynist ekki til \u00feegar h\u00fan er p\u00f6ntu\u00f0 og greidd \u00fe\u00e1 mun vi\u00f0skiptavini ver\u00f0a bo\u00f0in \u00f6nnur samb\u00e6rileg vera e\u00f0a endurgrei\u00f0sla, kj\u00f3si hann svo.<\/p>\n<h5>SKILAR\u00c9TTUR<\/h5>\n<p>Vi\u00f0skiptavinir hafa 14 daga frest til a\u00f0 falla fr\u00e1 kaupum \u00feegar versla\u00f0 er \u00ed gegnum VIN.IS. Skal tilkynning um a\u00f0 falla fr\u00e1 kaupum hafa borist VIN.IS innan fj\u00f3rt\u00e1n daga fr\u00e1 \u00fev\u00ed a\u00f0 vi\u00f0skiptavinur t\u00f3k v\u00f6ru \u00ed s\u00edna v\u00f6rslu e\u00f0a vara er send fr\u00e1 VIN.IS, en fellur ni\u00f0ur a\u00f0 \u00feeim t\u00edma li\u00f0num sbr. 16. og 17. gr. laga nr. 16\/2016 um neytendasamninga. Til a\u00f0 heimilt s\u00e9 a\u00f0 n\u00fdta skilar\u00e9tt \u00fearf vara a\u00f0 vera \u00ed upprunalegum pakkningum, \u00ed \u00f3a\u00f0finnanlegu \u00e1standi og sannanlega keypt hj\u00e1 VIN.IS.<\/p>\n<p>\u00c1kv\u00e6\u00f0i VI. kafla laga nr. 16\/2016 um neytendasamninga gilda a\u00f0 \u00f6\u00f0ru leyti um skilar\u00e9tt vi\u00f0skiptavina, \u00fe. \u00e1 m. um endursendingu og endurgrei\u00f0slu.<\/p>\n<p>M\u00f6gulegt er a\u00f0 semja s\u00e9rstaklega um skil vegna kaupa \u00e1 miklu magni vegna s\u00e9rstakra vi\u00f0bur\u00f0a, svosem veislna o.\u00fe.h. Um sl\u00edkt skal \u00e1vallt sami\u00f0 \u00e1\u00f0ur en kaup eru ger\u00f0 og er bent \u00e1 a\u00f0 hafa samband vi\u00f0 s\u00e9rfr\u00e6\u00f0inga VIN.IS \u00e1 netfangi\u00f0\u00a0\u00a0<a href=\"mailto:vin@vin.is\">vin@vin.is<\/a>\u00a0e\u00f0a \u00ed s\u00edma 540-9000.<\/p>\n<h5>VER\u00d0 OG VER\u00d0BREYTINGAR<\/h5>\n<p>\u00d6ll uppgefin ver\u00f0 eru \u00ed \u00edslenskum kr\u00f3num me\u00f0 vir\u00f0isaukaskatti, 11% e\u00f0a 24%.<\/p>\n<h5>PERS\u00d3NUVERND<\/h5>\n<p>VIN.IS \u00e1byrgist a\u00f0 fari\u00f0 s\u00e9 me\u00f0 allar uppl\u00fdsingar um vi\u00f0skiptavini sem tr\u00fana\u00f0arm\u00e1l. VIN.IS geymir ekki e\u00f0a me\u00f0h\u00f6ndlar uppl\u00fdsingar um grei\u00f0slukort sem fara fram \u00e1 s\u00e9rst\u00f6kum vefsv\u00e6\u00f0um \u00fear til b\u00e6rra grei\u00f0slu\u00fej\u00f3nustua\u00f0ila.<\/p>\n<h5>GREI\u00d0SLUM\u00d6GULEIKAR<\/h5>\n<p>Unnt er a\u00f0 grei\u00f0a me\u00f0 \u00f6llum helstu vi\u00f0urkenndum grei\u00f0slukortum.\u00a0<\/p>\n<h5>VARNAR\u00deING<\/h5>\n<p>R\u00edsi \u00e1greiningur vegna \u00feessara skilm\u00e1la skulu\u00a0 m\u00e1l vegna hans rekin fyrir H\u00e9ra\u00f0sd\u00f3mi Reykjav\u00edkur.<\/p>\n<h5>IS<\/h5>\n<p>Vin.is, kt. 610723-9420, vsknr. 150404, 20 Wenlock Rd, N1 7GU London.<\/p>\n<p>\u00a0<\/p>\n<h2>Vefk\u00f6kur<\/h2>\n<h5>Almennt um vefk\u00f6kur<\/h5>\n<p>Vi\u00f0 netnotkun getur l\u00edtil textaskr\u00e1 veri\u00f0 sett inn \u00e1 t\u00f6lvur notenda e\u00f0a \u00f6nnur snjallt\u00e6ki \u00feegar vefsv\u00e6\u00f0i er heims\u00f3tt \u00ed fyrsta skipti. Sl\u00edkar textaskr\u00e1r eru kalla\u00f0ar vefk\u00f6kur.<\/p>\n<p>\u00deegar vefur Vin.is er heims\u00f3ttur er vefk\u00f6ku hla\u00f0i\u00f0 ni\u00f0ur af vefvafra notenda og h\u00fan notu\u00f0 af vefs\u00ed\u00f0unni til a\u00f0 fylgjast me\u00f0 hvernig notendur vafra um vefsv\u00e6\u00f0i\u00f0, \u00ed \u00fev\u00ed skyni a\u00f0 b\u00e6ta \u00fej\u00f3nustuna.<\/p>\n<p>Vefs\u00ed\u00f0an sendir \u00e1kve\u00f0nar uppl\u00fdsingar \u00ed vafra notenda til \u00feess a\u00f0 au\u00f0velda\u00f0 notendum a\u00f0gang a\u00f0 \u00fdmsum a\u00f0ger\u00f0um.<\/p>\n<h5>Notkun Vin.is \u00e1 vefk\u00f6kum<\/h5>\n<p>Sam\u00feykki notandi skilm\u00e1la Vin.is um notkun \u00e1 vefk\u00f6kum gefur hann Irma.is m.a. heimild til \u00feess a\u00f0:<\/p>\n<p>\u2013 geyma og senda uppl\u00fdsingar um fj\u00f6lda notenda og hve oft vefsv\u00e6\u00f0i\u00f0 er heims\u00f3tt<\/p>\n<p>\u2013 au\u00f0kenna notendur sem hafa skr\u00e1\u00f0 sig inn \u00e1 vefinn og sn\u00ed\u00f0a leit og \u00fej\u00f3nustu vi\u00f0 notendur til samr\u00e6mis vi\u00f0 au\u00f0kenninguna<\/p>\n<p>\u2013 efla og vinna a\u00f0 framf\u00f6rum \u00fej\u00f3nustu vefsv\u00e6\u00f0isins me\u00f0 \u00fev\u00ed a\u00f0 hafa uppl\u00fdsingar um notkun hennar<\/p>\n<p>Vin.is notar jafnframt Google Analytics fr\u00e1 Google. Google Analytics er stafr\u00e6nt marka\u00f0setningart\u00e6ki. Google Analytics gefur jafnframt sk\u00fdrslur um framfarir \u00e1 vefsv\u00e6\u00f0um, ekki er ger\u00f0ur greinarmunur \u00e1 st\u00f6kum notendum. Google Analytics notar s\u00ednar eigin vefk\u00f6kur til a\u00f0 fylgjast me\u00f0 samskiptum notenda vi\u00f0 vefsv\u00e6\u00f0i\u00f0. \u00cd \u00feessu sambandi gerir Vin.is skilyr\u00f0i um a\u00f0 birta notendum augl\u00fdsingar \u00ed gegnum marka\u00f0skerfi Google. Vilji notandi ekki sj\u00e1 sl\u00edkar augl\u00fdsingar, getur hann sl\u00f6kkt \u00e1 notkun \u00e1 vefk\u00f6kum.<\/p>\n<h5>Sl\u00f6kkva \u00e1 notkun \u00e1 vefk\u00f6kum<\/h5>\n<p>Notendum er alltaf m\u00f6gulegt og heimilt a\u00f0 stilla netvafra s\u00edna \u00feannig a\u00f0 sl\u00f6kkt s\u00e9 \u00e1 notkun \u00e1 vefk\u00f6kum, svo \u00fe\u00e6r vistist ekki e\u00f0a netvafrinn \u00f3ski eftir heimild notenda fyrst. Getur sl\u00edk \u00fe\u00f3 dregi\u00f0 \u00far a\u00f0gangi a\u00f0 \u00e1kve\u00f0num s\u00ed\u00f0um \u00e1 vefsv\u00e6\u00f0inu og \u00fej\u00f3nustum \u00feeim tengdum.<\/p>\n<h5>Hversu lengi eru vefk\u00f6kur \u00e1 t\u00f6lvum\/snjallt\u00e6kjum notenda?<\/h5>\n<p>Heimilt er a\u00f0 geyma vefk\u00f6kur \u00ed t\u00f6lvum notenda \u00ed a\u00f0 h\u00e1marki 24 m\u00e1nu\u00f0i, fr\u00e1 \u00fev\u00ed a\u00f0 notandi heims\u00f3tti s\u00ed\u00f0ast vefs\u00ed\u00f0u Vin.is<\/p>\n<h5>Me\u00f0fer\u00f0 Vin.is \u00e1 pers\u00f3nuuppl\u00fdsingum<\/h5>\n<p>Fari\u00f0 ver\u00f0ur me\u00f0 allar pers\u00f3nuuppl\u00fdsingar sem ver\u00f0a til vi\u00f0 notkun \u00e1 vefk\u00f6kum \u00ed samr\u00e6mi vi\u00f0 pers\u00f3nuverndarl\u00f6g.<\/p>\n<p>Vin.is l\u00fdsir \u00fev\u00ed yfir a\u00f0 ekki ver\u00f0i unni\u00f0 me\u00f0 sl\u00edkar uppl\u00fdsingar \u00ed \u00f6\u00f0ru skyni en samkv\u00e6mt framangreindu. \u00dear a\u00f0 auki ver\u00f0a uppl\u00fdsingarnar ekki var\u00f0veittar lengur en \u00fe\u00f6rf krefur mi\u00f0a\u00f0 vi\u00f0 tilgang vinnslu.<\/p>\n<p>Pers\u00f3nuuppl\u00fdsingar notenda ver\u00f0a ekki sendar til \u00feri\u00f0ju a\u00f0ila nema l\u00f6g kve\u00f0i \u00e1 um anna\u00f0.<\/p>\n<\/div>\t\t\t\t\t\t\t\t<\/div>\n\t\t\t\t<\/div>\n\t\t\t\t\t<\/div>\n\t\t<\/div>\n\t\t\t\t\t<\/div>\n\t\t<\/section>\n\t\t\t\t<\/div>","protected":false},"excerpt":{"rendered":"<p>Skilm\u00e1lar \u00a0 www.vin.is \u00a0 GILDI SKILM\u00c1LA Skilm\u00e1lar \u00feessir eiga vi\u00f0 um s\u00f6lu \u00e1 v\u00f6rum og \u00fej\u00f3nustu fr\u00e1 V\u00cdN.IS \u00e1 heimas\u00ed\u00f0u \u00feess VIN.IS til vi\u00f0skiptavina. Vi\u00f0skiptavinir undirgangast \u00feessa skilm\u00e1la vi\u00f0 notkun og kaup \u00e1 VIN.IS. ALDURSTAKMARK \u00c1skili\u00f0 er a\u00f0 vi\u00f0skiptavinir hafi n\u00e1\u00f0 20 \u00e1ra aldri til \u00feess a\u00f0 geta versla\u00f0 \u00e1fengar v\u00f6rur \u00e1 VIN.IS. Allir vi\u00f0skiptavinir [&hellip;]<\/p>","protected":false},"author":1,"featured_media":0,"parent":0,"menu_order":0,"comment_status":"closed","ping_status":"closed","template":"elementor_header_footer","meta":{"_acf_changed":false,"_themeisle_gutenberg_block_has_review":false,"footnotes":""},"class_list":["post-83","page","type-page","status-publish","hentry"],"acf":[],"jetpack_sharing_enabled":true,"_links":{"self":[{"href":"https:\/\/vin.is\/en\/wp-json\/wp\/v2\/pages\/83","targetHints":{"allow":["GET"]}}],"collection":[{"href":"https:\/\/vin.is\/en\/wp-json\/wp\/v2\/pages"}],"about":[{"href":"https:\/\/vin.is\/en\/wp-json\/wp\/v2\/types\/page"}],"author":[{"embeddable":true,"href":"https:\/\/vin.is\/en\/wp-json\/wp\/v2\/users\/1"}],"replies":[{"embeddable":true,"href":"https:\/\/vin.is\/en\/wp-json\/wp\/v2\/comments?post=83"}],"version-history":[{"count":39,"href":"https:\/\/vin.is\/en\/wp-json\/wp\/v2\/pages\/83\/revisions"}],"predecessor-version":[{"id":3020,"href":"https:\/\/vin.is\/en\/wp-json\/wp\/v2\/pages\/83\/revisions\/3020"}],"wp:attachment":[{"href":"https:\/\/vin.is\/en\/wp-json\/wp\/v2\/media?parent=83"}],"curies":[{"name":"wp","href":"https:\/\/api.w.org\/{rel}","templated":true}]}}