{"id":82,"date":"2023-09-24T20:01:46","date_gmt":"2023-09-24T20:01:46","guid":{"rendered":"https:\/\/vin.webdev.is\/my-account\/"},"modified":"2023-12-28T12:18:38","modified_gmt":"2023-12-28T12:18:38","slug":"my-account","status":"publish","type":"page","link":"https:\/\/vin.is\/en\/my-account\/","title":{"rendered":"Minn a\u00f0gangur"},"content":{"rendered":"<div data-elementor-type=\"wp-page\" data-elementor-id=\"82\" class=\"elementor elementor-82\" data-elementor-post-type=\"page\">\n\t\t\t\t\t\t<section class=\"elementor-section elementor-top-section elementor-element elementor-element-8a7be4b elementor-section-boxed elementor-section-height-default elementor-section-height-default\" data-id=\"8a7be4b\" data-element_type=\"section\" data-settings=\"{&quot;mdp_selection_sticky_effect_enable&quot;:false}\">\n\t\t\t\t\t\t<div class=\"elementor-container elementor-column-gap-default\">\n\t\t\t\t\t<div class=\"elementor-column elementor-col-100 elementor-top-column elementor-element elementor-element-eb0b1bd\" data-id=\"eb0b1bd\" data-element_type=\"column\" data-settings=\"{&quot;mdp_selection_sticky_column_effect_enable&quot;:false}\">\n\t\t\t<div class=\"elementor-widget-wrap elementor-element-populated\">\n\t\t\t\t\t\t<div class=\"elementor-element elementor-element-90ca5d6 elementor-widget elementor-widget-shortcode\" data-id=\"90ca5d6\" data-element_type=\"widget\" data-widget_type=\"shortcode.default\">\n\t\t\t\t<div class=\"elementor-widget-container\">\n\t\t\t\t\t\t\t<div class=\"elementor-shortcode\"><div class=\"woocommerce\"><div class=\"woocommerce-notices-wrapper\"><\/div>\n\n<div class=\"u-columns col2-set\" id=\"customer_login\">\n\n\t<div class=\"u-column1 col-1\">\n\n\n\t\t<h2 data-no-translation=\"\" data-trp-gettext=\"\">Login<\/h2>\n\n\t\t<form class=\"woocommerce-form woocommerce-form-login login\" method=\"post\" novalidate action=\"\">\n\n\t\t\t\n\t\t\t<p class=\"woocommerce-form-row woocommerce-form-row--wide form-row form-row-wide\">\n\t\t\t\t<label for=\"username\">Username or email address&nbsp;<span class=\"required\" aria-hidden=\"true\">*<\/span><span class=\"screen-reader-text\" data-no-translation=\"\" data-trp-gettext=\"\">Required<\/span><\/label>\n\t\t\t\t<input type=\"text\" class=\"woocommerce-Input woocommerce-Input--text input-text\" name=\"username\" id=\"username\" autocomplete=\"username\" value=\"\" required aria-required=\"true\" \/>\t\t\t<\/p>\n\t\t\t<p class=\"woocommerce-form-row woocommerce-form-row--wide form-row form-row-wide\">\n\t\t\t\t<label for=\"password\">Password&nbsp;<span class=\"required\" aria-hidden=\"true\">*<\/span><span class=\"screen-reader-text\" data-no-translation=\"\" data-trp-gettext=\"\">Required<\/span><\/label>\n\t\t\t\t<input class=\"woocommerce-Input woocommerce-Input--text input-text\" type=\"password\" name=\"password\" id=\"password\" autocomplete=\"current-password\" required aria-required=\"true\" \/>\n\t\t\t<\/p>\n\n\t\t\t\n\t\t\t<p class=\"form-row\">\n\t\t\t\t<label class=\"woocommerce-form__label woocommerce-form__label-for-checkbox woocommerce-form-login__rememberme\">\n\t\t\t\t\t<input class=\"woocommerce-form__input woocommerce-form__input-checkbox\" name=\"rememberme\" type=\"checkbox\" id=\"rememberme\" value=\"forever\" \/> <span data-no-translation=\"\" data-trp-gettext=\"\">Remember me<\/span>\n\t\t\t\t<\/label>\n\t\t\t\t<input type=\"hidden\" id=\"woocommerce-login-nonce\" name=\"woocommerce-login-nonce\" value=\"0a4a9157bf\" \/><input type=\"hidden\" name=\"_wp_http_referer\" value=\"\/en\/wp-json\/wp\/v2\/pages\/82\" \/>\t\t\t\t<button type=\"submit\" class=\"woocommerce-button button woocommerce-form-login__submit\" name=\"login\" value=\"Log in\" data-no-translation=\"\" data-trp-gettext=\"\" data-no-translation-value=\"\">Log in<\/button>\n\t\t\t<\/p>\n\t\t\t<p class=\"woocommerce-LostPassword lost_password\">\n\t\t\t\t<a href=\"https:\/\/vin.is\/en\/my-account\/lost-password\/\" data-no-translation=\"\" data-trp-gettext=\"\">Lost your password?<\/a>\n\t\t\t<\/p>\n\n\t\t\t\n\t\t<input type=\"hidden\" name=\"trp-form-language\" value=\"en\"\/><\/form>\n\n\n\t<\/div>\n\n\t<div class=\"u-column2 col-2\">\n\n\t\t<h2 data-no-translation=\"\" data-trp-gettext=\"\">Register<\/h2>\n\n\t\t<form method=\"post\" class=\"woocommerce-form woocommerce-form-register register\" action=\"\"  >\n\n\t\t\t       <p class=\"form-row form-row-first\">\r\n       <label for=\"reg_billing_first_name\">First name<span class=\"required\">*<\/span><\/label>\r\n       <input type=\"text\" class=\"input-text\" name=\"billing_first_name\" id=\"reg_billing_first_name\" value=\"\" \/>\r\n       <\/p>\r\n       <p class=\"form-row form-row-last\">\r\n       <label for=\"reg_billing_last_name\">Last name<span class=\"required\">*<\/span><\/label>\r\n       <input type=\"text\" class=\"input-text\" name=\"billing_last_name\" id=\"reg_billing_last_name\" value=\"\" \/>\r\n       <\/p>\r\n\r\n       <p class=\"form-row form-row-wide\">\r\n       <label for=\"reg_billing_ssn\">Kennitala sem fer \u00e1 reikning<span class=\"required\">*<\/span><\/label>\r\n       <input type=\"text\" class=\"input-text\" name=\"billing_ssn\" id=\"reg_billing_ssn\" value=\"\" \/>\r\n       <\/p>\r\n\r\n        <p class=\"form-row form-row-wide\">\r\n       <label for=\"reg_billing_company\">Nafn fyrirt\u00e6kis (Valfrj\u00e1lst)<span class=\"\"><\/span><\/label>\r\n       <input type=\"text\" class=\"input-text\" name=\"billing_company\" id=\"reg_billing_company\" value=\"\" \/>\r\n       <\/p>\r\n\r\n        <p class=\"form-row form-row-wide\">\r\n       <label for=\"reg_billing_address_1\">Heimilisfang<span class=\"required\">*<\/span><\/label>\r\n       <input type=\"text\" class=\"input-text\" name=\"billing_address_1\" id=\"reg_billing_address_1\" placeholder=\"G\u00f6tuheiti og h\u00fasn\u00famer\" value=\"\" \/>\r\n       <\/p>\r\n\r\n       <p class=\"form-row form-row-wide\">\r\n       <label for=\"reg_billing_borg\">Borg \/ B\u00e6r<span class=\"required\">*<\/span><\/label>\r\n       <input type=\"text\" class=\"input-text\" name=\"billing_borg\" id=\"reg_billing_borg\" value=\"\" \/>\r\n       <\/p>\r\n\r\n       <p class=\"form-row form-row-wide\">\r\n       <label for=\"reg_billing_postcode\">P\u00f3stn\u00famer<span class=\"required\">*<\/span><\/label>\r\n       <input type=\"text\" class=\"input-text\" name=\"billing_postcode\" id=\"reg_billing_postcode\" value=\"\" \/>\r\n       <\/p>\r\n\r\n       <p class=\"form-row form-row-wide\">\r\n       <label for=\"reg_billing_phone\">Phone<span class=\"required\">*<\/span><\/label>\r\n       <input type=\"text\" class=\"input-text\" name=\"billing_phone\" id=\"reg_billing_phone\" value=\"\" \/>\r\n       <\/p>\r\n\r\n       <div class=\"clear\"><\/div>\r\n       \n\t\t\t\n\t\t\t<p class=\"woocommerce-form-row woocommerce-form-row--wide form-row form-row-wide\">\n\t\t\t\t<label for=\"reg_email\">Email address&nbsp;<span class=\"required\" aria-hidden=\"true\">*<\/span><span class=\"screen-reader-text\" data-no-translation=\"\" data-trp-gettext=\"\">Required<\/span><\/label>\n\t\t\t\t<input type=\"email\" class=\"woocommerce-Input woocommerce-Input--text input-text\" name=\"email\" id=\"reg_email\" autocomplete=\"email\" value=\"\" required aria-required=\"true\" \/>\t\t\t<\/p>\n\n\t\t\t\n\t\t\t\t<p class=\"woocommerce-form-row woocommerce-form-row--wide form-row form-row-wide\">\n\t\t\t\t\t<label for=\"reg_password\">Password&nbsp;<span class=\"required\" aria-hidden=\"true\">*<\/span><span class=\"screen-reader-text\" data-no-translation=\"\" data-trp-gettext=\"\">Required<\/span><\/label>\n\t\t\t\t\t<input type=\"password\" class=\"woocommerce-Input woocommerce-Input--text input-text\" name=\"password\" id=\"reg_password\" autocomplete=\"new-password\" required aria-required=\"true\" \/>\n\t\t\t\t<\/p>\n\n\t\t\t\n\t\t\t<wc-order-attribution-inputs><\/wc-order-attribution-inputs><div class=\"woocommerce-privacy-policy-text\"><p>Pers\u00f3nulegar uppl\u00fdsingar ver\u00f0a a\u00f0eins nota\u00f0ar vi\u00f0 a\u00f0 afgrei\u00f0a p\u00f6ntun \u00fe\u00edna, au\u00f0velda \u00fe\u00e9r kaup \u00e1 vefnum og a\u00f0ra \u00fe\u00e6tti sem tilgreindir eru \u00ed <a href=\"\" class=\"woocommerce-privacy-policy-link\" target=\"_blank\" data-no-translation=\"\" data-trp-gettext=\"\">privacy policy<\/a>.<\/p>\n<\/div>\n\t\t\t<p class=\"woocommerce-form-row form-row\">\n\t\t\t\t<input type=\"hidden\" id=\"woocommerce-register-nonce\" name=\"woocommerce-register-nonce\" value=\"ee1456b089\" \/><input type=\"hidden\" name=\"_wp_http_referer\" value=\"\/en\/wp-json\/wp\/v2\/pages\/82\" \/>\t\t\t\t<button type=\"submit\" class=\"woocommerce-Button woocommerce-button button woocommerce-form-register__submit\" name=\"register\" value=\"Register\" data-no-translation=\"\" data-trp-gettext=\"\" data-no-translation-value=\"\">Register<\/button>\n\t\t\t<\/p>\n\n\t\t\t\n\t\t<input type=\"hidden\" name=\"trp-form-language\" value=\"en\"\/><\/form>\n\n\t<\/div>\n\n<\/div>\n\n<\/div><\/div>\n\t\t\t\t\t\t<\/div>\n\t\t\t\t<\/div>\n\t\t\t\t\t<\/div>\n\t\t<\/div>\n\t\t\t\t\t<\/div>\n\t\t<\/section>\n\t\t\t\t<\/div>","protected":false},"excerpt":{"rendered":"","protected":false},"author":1,"featured_media":0,"parent":0,"menu_order":0,"comment_status":"closed","ping_status":"closed","template":"","meta":{"_acf_changed":false,"_themeisle_gutenberg_block_has_review":false,"footnotes":""},"class_list":["post-82","page","type-page","status-publish","hentry"],"acf":[],"jetpack_sharing_enabled":true,"_links":{"self":[{"href":"https:\/\/vin.is\/en\/wp-json\/wp\/v2\/pages\/82","targetHints":{"allow":["GET"]}}],"collection":[{"href":"https:\/\/vin.is\/en\/wp-json\/wp\/v2\/pages"}],"about":[{"href":"https:\/\/vin.is\/en\/wp-json\/wp\/v2\/types\/page"}],"author":[{"embeddable":true,"href":"https:\/\/vin.is\/en\/wp-json\/wp\/v2\/users\/1"}],"replies":[{"embeddable":true,"href":"https:\/\/vin.is\/en\/wp-json\/wp\/v2\/comments?post=82"}],"version-history":[{"count":13,"href":"https:\/\/vin.is\/en\/wp-json\/wp\/v2\/pages\/82\/revisions"}],"predecessor-version":[{"id":3011,"href":"https:\/\/vin.is\/en\/wp-json\/wp\/v2\/pages\/82\/revisions\/3011"}],"wp:attachment":[{"href":"https:\/\/vin.is\/en\/wp-json\/wp\/v2\/media?parent=82"}],"curies":[{"name":"wp","href":"https:\/\/api.w.org\/{rel}","templated":true}]}}