{"id":12,"date":"2023-09-24T19:50:07","date_gmt":"2023-09-24T19:50:07","guid":{"rendered":"https:\/\/vin.webdev.is\/?page_id=12"},"modified":"2023-12-07T16:32:41","modified_gmt":"2023-12-07T16:32:41","slug":"um-okkur","status":"publish","type":"page","link":"https:\/\/vin.is\/en\/um-okkur\/","title":{"rendered":"Um okkur"},"content":{"rendered":"<div data-elementor-type=\"wp-page\" data-elementor-id=\"12\" class=\"elementor elementor-12\" data-elementor-post-type=\"page\">\n\t\t\t\t\t\t<section class=\"elementor-section elementor-top-section elementor-element elementor-element-6d92865 elementor-section-boxed elementor-section-height-default elementor-section-height-default\" data-id=\"6d92865\" data-element_type=\"section\" data-settings=\"{&quot;background_background&quot;:&quot;classic&quot;,&quot;mdp_selection_sticky_effect_enable&quot;:false}\">\n\t\t\t\t\t\t\t<div class=\"elementor-background-overlay\"><\/div>\n\t\t\t\t\t\t\t<div class=\"elementor-container elementor-column-gap-default\">\n\t\t\t\t\t<div class=\"elementor-column elementor-col-100 elementor-top-column elementor-element elementor-element-4941046\" data-id=\"4941046\" data-element_type=\"column\" data-settings=\"{&quot;mdp_selection_sticky_column_effect_enable&quot;:false}\">\n\t\t\t<div class=\"elementor-widget-wrap elementor-element-populated\">\n\t\t\t\t\t\t<div class=\"elementor-element elementor-element-d32b21e elementor-widget elementor-widget-heading\" data-id=\"d32b21e\" data-element_type=\"widget\" data-widget_type=\"heading.default\">\n\t\t\t\t<div class=\"elementor-widget-container\">\n\t\t\t\t\t<h1 class=\"elementor-heading-title elementor-size-default\">Um okkur<\/h1>\t\t\t\t<\/div>\n\t\t\t\t<\/div>\n\t\t\t\t\t<\/div>\n\t\t<\/div>\n\t\t\t\t\t<\/div>\n\t\t<\/section>\n\t\t\t\t<section class=\"elementor-section elementor-top-section elementor-element elementor-element-4c00fb0 elementor-reverse-mobile elementor-section-boxed elementor-section-height-default elementor-section-height-default\" data-id=\"4c00fb0\" data-element_type=\"section\" data-settings=\"{&quot;mdp_selection_sticky_effect_enable&quot;:false}\">\n\t\t\t\t\t\t<div class=\"elementor-container elementor-column-gap-no\">\n\t\t\t\t\t<div class=\"elementor-column elementor-col-50 elementor-top-column elementor-element elementor-element-533454d\" data-id=\"533454d\" data-element_type=\"column\" data-settings=\"{&quot;mdp_selection_sticky_column_effect_enable&quot;:false}\">\n\t\t\t<div class=\"elementor-widget-wrap elementor-element-populated\">\n\t\t\t\t\t\t<div class=\"elementor-element elementor-element-90c8e91 elementor-widget elementor-widget-heading\" data-id=\"90c8e91\" data-element_type=\"widget\" data-widget_type=\"heading.default\">\n\t\t\t\t<div class=\"elementor-widget-container\">\n\t\t\t\t\t<h2 class=\"elementor-heading-title elementor-size-default\">Vi\u00f0 byggjum \u00e1 \u00e1ratuga \u00feekkingu og reynslu. Velkomin til okkar!<\/h2>\t\t\t\t<\/div>\n\t\t\t\t<\/div>\n\t\t\t\t<div class=\"elementor-element elementor-element-1fb93db elementor-widget-divider--view-line elementor-widget elementor-widget-divider\" data-id=\"1fb93db\" data-element_type=\"widget\" data-widget_type=\"divider.default\">\n\t\t\t\t<div class=\"elementor-widget-container\">\n\t\t\t\t\t\t\t<div class=\"elementor-divider\">\n\t\t\t<span class=\"elementor-divider-separator\">\n\t\t\t\t\t\t<\/span>\n\t\t<\/div>\n\t\t\t\t\t\t<\/div>\n\t\t\t\t<\/div>\n\t\t\t\t<div class=\"elementor-element elementor-element-a6071a5 elementor-widget elementor-widget-text-editor\" data-id=\"a6071a5\" data-element_type=\"widget\" data-widget_type=\"text-editor.default\">\n\t\t\t\t<div class=\"elementor-widget-container\">\n\t\t\t\t\t\t\t\t\t<p>Vin.is hefur \u00fea\u00f0 a\u00f0 markmi\u00f0i a\u00f0 selja v\u00edn me\u00f0 \u00e1byrg\u00f0 og bj\u00f3\u00f0a vi\u00f0skiptavinum s\u00ednum v\u00edn \u00e1 g\u00f3\u00f0u ver\u00f0i \u00ed \u00f6llum ver\u00f0flokkum. Vin.is a\u00f0sto\u00f0ar vi\u00f0skiptavini a\u00f0 velja \u00feau v\u00edn sem hentar hverju tilefni, hvort sem \u00fea\u00f0 eru vinir sem koma saman, starfsmannakv\u00f6ld, afm\u00e6lisveisla, br\u00fa\u00f0kaup e\u00f0a eitthva\u00f0 anna\u00f0 tillfelli. Vin.is b\u00fd\u00f0ur upp\u00e1 m\u00f6rg \u00feekkt v\u00edn sem hafa veri\u00f0 \u00e1 \u00cdslandi \u00ed marga \u00e1ratugi \u2013 g\u00f3\u00f0 v\u00f6rumerki, eins og Torres, Banfi, Bolla, Marques De Riscal, J.Drouhin og Rothschild til a\u00f0 nefna nokkra. <\/p><h4>Sj\u00e1lfb\u00e6rni<\/h4><p>Vin.is reynir a\u00f0 bj\u00f3\u00f0a upp\u00e1 v\u00edn sem eru sj\u00e1lfb\u00e6r \u00fear sem birgjar okkar eru lei\u00f0andi \u00ed sj\u00e1lfb\u00e6rni \u00ed heiminum. \u00dear sem \u00fea\u00f0 \u00e1 vi\u00f0 munum vi\u00f0 einnig setja tengingar inn\u00e1 heimas\u00ed\u00f0u birgja \u00fear sem \u00fea\u00f0 \u00e1 vi\u00f0. <\/p><h4>Ver\u00f0lagning<\/h4><p>Markmi\u00f0 Vin.is er a bj\u00f3\u00f0a upp\u00e1 mj\u00f6g g\u00f3\u00f0 ver\u00f0 fyrir v\u00edn \u00ed \u00f6llum v\u00f6ruflokkum. Klukkan 10:00 \u00e1 fimmtud\u00f6gum munum vi\u00f0 velja 3 v\u00f6rur sem vi\u00f0 leggjum \u00e1herslu \u00e1 s\u00e9rst\u00f6kum kj\u00f6rum. \u00dea\u00f0 ver\u00f0ur alltaf hagkv\u00e6mast a\u00f0 n\u00e1 \u00ed p\u00f6ntunina hj\u00e1 okkur a\u00f0 V\u00edkurhvarfi 1 en einnig ver\u00f0ur bo\u00f0i\u00f0 upp\u00e1 heimkeyrslu fyrir \u00fe\u00e1 sem \u00f3skar \u00feess. \u00dev\u00ed mi\u00f0ur eru \u00f6ll v\u00edn sem vi\u00f0 seljum \u00ed takm\u00f6rku\u00f0u magni.<\/p>\t\t\t\t\t\t\t\t<\/div>\n\t\t\t\t<\/div>\n\t\t\t\t<div class=\"elementor-element elementor-element-7ec3f78 elementor-widget elementor-widget-heading\" data-id=\"7ec3f78\" data-element_type=\"widget\" data-widget_type=\"heading.default\">\n\t\t\t\t<div class=\"elementor-widget-container\">\n\t\t\t\t\t<h5 class=\"elementor-heading-title elementor-size-default\">Vin.is<\/h5>\t\t\t\t<\/div>\n\t\t\t\t<\/div>\n\t\t\t\t<div class=\"elementor-element elementor-element-a050d2f elementor-widget elementor-widget-heading\" data-id=\"a050d2f\" data-element_type=\"widget\" data-widget_type=\"heading.default\">\n\t\t\t\t<div class=\"elementor-widget-container\">\n\t\t\t\t\t<h6 class=\"elementor-heading-title elementor-size-default\">G\u00f3\u00f0 v\u00edn \u00e1 r\u00e9ttu ver\u00f0i!<\/h6>\t\t\t\t<\/div>\n\t\t\t\t<\/div>\n\t\t\t\t\t<\/div>\n\t\t<\/div>\n\t\t\t\t<div class=\"elementor-column elementor-col-50 elementor-top-column elementor-element elementor-element-d397881\" data-id=\"d397881\" data-element_type=\"column\" data-settings=\"{&quot;mdp_selection_sticky_column_effect_enable&quot;:false}\">\n\t\t\t<div class=\"elementor-widget-wrap elementor-element-populated\">\n\t\t\t\t\t\t<div class=\"elementor-element elementor-element-48a44c7 elementor-widget elementor-widget-image\" data-id=\"48a44c7\" data-element_type=\"widget\" data-widget_type=\"image.default\">\n\t\t\t\t<div class=\"elementor-widget-container\">\n\t\t\t\t\t\t\t\t\t\t\t\t\t\t\t<img fetchpriority=\"high\" decoding=\"async\" width=\"500\" height=\"303\" src=\"https:\/\/vin.is\/wp-content\/uploads\/2023\/10\/tumblr-ph8xqeuxjn1qc5t3ho1-500.webp\" class=\"attachment-large size-large wp-image-515\" alt=\"\" srcset=\"https:\/\/vin.is\/wp-content\/uploads\/2023\/10\/tumblr-ph8xqeuxjn1qc5t3ho1-500.webp 500w, https:\/\/vin.is\/wp-content\/uploads\/2023\/10\/tumblr-ph8xqeuxjn1qc5t3ho1-500-64x39.webp 64w, https:\/\/vin.is\/wp-content\/uploads\/2023\/10\/tumblr-ph8xqeuxjn1qc5t3ho1-500-300x182.webp 300w, https:\/\/vin.is\/wp-content\/uploads\/2023\/10\/tumblr-ph8xqeuxjn1qc5t3ho1-500-18x12.webp 18w, https:\/\/vin.is\/wp-content\/uploads\/2023\/10\/tumblr-ph8xqeuxjn1qc5t3ho1-500-200x121.webp 200w\" sizes=\"(max-width: 500px) 100vw, 500px\" \/>\t\t\t\t\t\t\t\t\t\t\t\t\t\t\t<\/div>\n\t\t\t\t<\/div>\n\t\t\t\t<div class=\"elementor-element elementor-element-a90a162 elementor-widget elementor-widget-image\" data-id=\"a90a162\" data-element_type=\"widget\" data-widget_type=\"image.default\">\n\t\t\t\t<div class=\"elementor-widget-container\">\n\t\t\t\t\t\t\t\t\t\t\t\t\t\t\t<img decoding=\"async\" width=\"800\" height=\"598\" src=\"https:\/\/vin.is\/wp-content\/uploads\/2023\/10\/download.jpg\" class=\"attachment-large size-large wp-image-510\" alt=\"\" srcset=\"https:\/\/vin.is\/wp-content\/uploads\/2023\/10\/download.jpg 850w, https:\/\/vin.is\/wp-content\/uploads\/2023\/10\/download-600x448.jpg 600w, https:\/\/vin.is\/wp-content\/uploads\/2023\/10\/download-64x48.jpg 64w, https:\/\/vin.is\/wp-content\/uploads\/2023\/10\/download-300x224.jpg 300w, https:\/\/vin.is\/wp-content\/uploads\/2023\/10\/download-768x574.jpg 768w, https:\/\/vin.is\/wp-content\/uploads\/2023\/10\/download-16x12.jpg 16w, https:\/\/vin.is\/wp-content\/uploads\/2023\/10\/download-200x149.jpg 200w\" sizes=\"(max-width: 800px) 100vw, 800px\" \/>\t\t\t\t\t\t\t\t\t\t\t\t\t\t\t<\/div>\n\t\t\t\t<\/div>\n\t\t\t\t\t<\/div>\n\t\t<\/div>\n\t\t\t\t\t<\/div>\n\t\t<\/section>\n\t\t\t\t<section class=\"elementor-section elementor-top-section elementor-element elementor-element-72f05c7 elementor-section-boxed elementor-section-height-default elementor-section-height-default\" data-id=\"72f05c7\" data-element_type=\"section\" data-settings=\"{&quot;mdp_selection_sticky_effect_enable&quot;:false}\">\n\t\t\t\t\t\t<div class=\"elementor-container elementor-column-gap-default\">\n\t\t\t\t\t<div class=\"elementor-column elementor-col-50 elementor-top-column elementor-element elementor-element-3b50534\" data-id=\"3b50534\" data-element_type=\"column\" data-settings=\"{&quot;mdp_selection_sticky_column_effect_enable&quot;:false}\">\n\t\t\t<div class=\"elementor-widget-wrap elementor-element-populated\">\n\t\t\t\t\t\t<div class=\"elementor-element elementor-element-2b5e20c elementor-widget elementor-widget-heading\" data-id=\"2b5e20c\" data-element_type=\"widget\" data-widget_type=\"heading.default\">\n\t\t\t\t<div class=\"elementor-widget-container\">\n\t\t\t\t\t<h2 class=\"elementor-heading-title elementor-size-default\">Skr\u00e1\u00f0u \u00feig \u00ed vildarkl\u00fabbinn<\/h2>\t\t\t\t<\/div>\n\t\t\t\t<\/div>\n\t\t\t\t<div class=\"elementor-element elementor-element-b994655 elementor-widget elementor-widget-heading\" data-id=\"b994655\" data-element_type=\"widget\" data-widget_type=\"heading.default\">\n\t\t\t\t<div class=\"elementor-widget-container\">\n\t\t\t\t\t<h6 class=\"elementor-heading-title elementor-size-default\">F\u00e1\u00f0u n\u00fdjustu tilbo\u00f0in<\/h6>\t\t\t\t<\/div>\n\t\t\t\t<\/div>\n\t\t\t\t\t<\/div>\n\t\t<\/div>\n\t\t\t\t<div class=\"elementor-column elementor-col-50 elementor-top-column elementor-element elementor-element-e7c7a2e\" data-id=\"e7c7a2e\" data-element_type=\"column\" data-settings=\"{&quot;mdp_selection_sticky_column_effect_enable&quot;:false}\">\n\t\t\t<div class=\"elementor-widget-wrap elementor-element-populated\">\n\t\t\t\t\t\t<div class=\"elementor-element elementor-element-825ee4f elementor-mobile-button-align-stretch subsbtn elementor-hidden-mobile elementor-button-align-stretch elementor-widget elementor-widget-form\" data-id=\"825ee4f\" data-element_type=\"widget\" data-settings=\"{&quot;button_width&quot;:&quot;40&quot;,&quot;step_next_label&quot;:&quot;Next&quot;,&quot;step_previous_label&quot;:&quot;Previous&quot;,&quot;button_width_mobile&quot;:&quot;20&quot;,&quot;step_type&quot;:&quot;number_text&quot;,&quot;step_icon_shape&quot;:&quot;circle&quot;}\" data-widget_type=\"form.default\">\n\t\t\t\t<div class=\"elementor-widget-container\">\n\t\t\t\t\t\t\t<form class=\"elementor-form\" method=\"post\" name=\"New Form\" aria-label=\"New Form\" action=\"\">\n\t\t\t<input type=\"hidden\" name=\"post_id\" value=\"12\"\/>\n\t\t\t<input type=\"hidden\" name=\"form_id\" value=\"825ee4f\"\/>\n\t\t\t<input type=\"hidden\" name=\"referer_title\" value=\"Um okkur\" \/>\n\n\t\t\t\t\t\t\t<input type=\"hidden\" name=\"queried_id\" value=\"12\"\/>\n\t\t\t\n\t\t\t<div class=\"elementor-form-fields-wrapper elementor-labels-\">\n\t\t\t\t\t\t\t\t<div class=\"elementor-field-type-email elementor-field-group elementor-column elementor-field-group-email elementor-col-60 elementor-sm-50 elementor-field-required\">\n\t\t\t\t\t\t\t\t\t\t\t\t<label for=\"form-field-email\" class=\"elementor-field-label elementor-screen-only\">\n\t\t\t\t\t\t\t\tNetfang\t\t\t\t\t\t\t<\/label>\n\t\t\t\t\t\t\t\t\t\t\t\t\t\t<input size=\"1\" type=\"email\" name=\"form_fields[email]\" id=\"form-field-email\" class=\"elementor-field elementor-size-sm  elementor-field-textual\" placeholder=\"Netfang...\" required=\"required\">\n\t\t\t\t\t\t\t\t\t\t\t<\/div>\n\t\t\t\t\t\t\t\t<div class=\"elementor-field-group elementor-column elementor-field-type-submit elementor-col-40 e-form__buttons elementor-sm-20\">\n\t\t\t\t\t<button class=\"elementor-button elementor-size-sm\" type=\"submit\">\n\t\t\t\t\t\t<span class=\"elementor-button-content-wrapper\">\n\t\t\t\t\t\t\t\t\t\t\t\t\t\t\t<span class=\"elementor-button-icon\">\n\t\t\t\t\t\t\t\t\t<i aria-hidden=\"true\" class=\"fas fa-paper-plane\"><\/i>\t\t\t\t\t\t\t\t\t\t\t\t\t\t\t\t\t<\/span>\n\t\t\t\t\t\t\t\t\t\t\t\t\t\t\t\t\t\t\t\t\t\t<span class=\"elementor-button-text\">Skr\u00e1 mig<\/span>\n\t\t\t\t\t\t\t\t\t\t\t\t\t<\/span>\n\t\t\t\t\t<\/button>\n\t\t\t\t<\/div>\n\t\t\t<\/div>\n\t\t<input type=\"hidden\" name=\"trp-form-language\" value=\"en\"\/><\/form>\n\t\t\t\t\t\t<\/div>\n\t\t\t\t<\/div>\n\t\t\t\t<div class=\"elementor-element elementor-element-4854f3f elementor-mobile-button-align-stretch mobsubsbtn elementor-hidden-desktop elementor-hidden-tablet elementor-button-align-stretch elementor-widget elementor-widget-form\" data-id=\"4854f3f\" data-element_type=\"widget\" data-settings=\"{&quot;button_width&quot;:&quot;40&quot;,&quot;step_next_label&quot;:&quot;Next&quot;,&quot;step_previous_label&quot;:&quot;Previous&quot;,&quot;button_width_mobile&quot;:&quot;100&quot;,&quot;step_type&quot;:&quot;number_text&quot;,&quot;step_icon_shape&quot;:&quot;circle&quot;}\" data-widget_type=\"form.default\">\n\t\t\t\t<div class=\"elementor-widget-container\">\n\t\t\t\t\t\t\t<form class=\"elementor-form\" method=\"post\" name=\"New Form\" aria-label=\"New Form\" action=\"\">\n\t\t\t<input type=\"hidden\" name=\"post_id\" value=\"12\"\/>\n\t\t\t<input type=\"hidden\" name=\"form_id\" value=\"4854f3f\"\/>\n\t\t\t<input type=\"hidden\" name=\"referer_title\" value=\"Um okkur\" \/>\n\n\t\t\t\t\t\t\t<input type=\"hidden\" name=\"queried_id\" value=\"12\"\/>\n\t\t\t\n\t\t\t<div class=\"elementor-form-fields-wrapper elementor-labels-\">\n\t\t\t\t\t\t\t\t<div class=\"elementor-field-type-email elementor-field-group elementor-column elementor-field-group-email elementor-col-60 elementor-sm-100 elementor-field-required\">\n\t\t\t\t\t\t\t\t\t\t\t\t<label for=\"form-field-email\" class=\"elementor-field-label elementor-screen-only\">\n\t\t\t\t\t\t\t\tNetfang\t\t\t\t\t\t\t<\/label>\n\t\t\t\t\t\t\t\t\t\t\t\t\t\t<input size=\"1\" type=\"email\" name=\"form_fields[email]\" id=\"form-field-email\" class=\"elementor-field elementor-size-sm  elementor-field-textual\" placeholder=\"Netfang...\" required=\"required\">\n\t\t\t\t\t\t\t\t\t\t\t<\/div>\n\t\t\t\t\t\t\t\t<div class=\"elementor-field-group elementor-column elementor-field-type-submit elementor-col-40 e-form__buttons elementor-sm-100\">\n\t\t\t\t\t<button class=\"elementor-button elementor-size-sm\" type=\"submit\">\n\t\t\t\t\t\t<span class=\"elementor-button-content-wrapper\">\n\t\t\t\t\t\t\t\t\t\t\t\t\t\t\t<span class=\"elementor-button-icon\">\n\t\t\t\t\t\t\t\t\t<i aria-hidden=\"true\" class=\"fas fa-paper-plane\"><\/i>\t\t\t\t\t\t\t\t\t\t\t\t\t\t\t\t\t<\/span>\n\t\t\t\t\t\t\t\t\t\t\t\t\t\t\t\t\t\t\t\t\t\t<span class=\"elementor-button-text\">Skr\u00e1 mig<\/span>\n\t\t\t\t\t\t\t\t\t\t\t\t\t<\/span>\n\t\t\t\t\t<\/button>\n\t\t\t\t<\/div>\n\t\t\t<\/div>\n\t\t<input type=\"hidden\" name=\"trp-form-language\" value=\"en\"\/><\/form>\n\t\t\t\t\t\t<\/div>\n\t\t\t\t<\/div>\n\t\t\t\t\t<\/div>\n\t\t<\/div>\n\t\t\t\t\t<\/div>\n\t\t<\/section>\n\t\t\t\t<\/div>","protected":false},"excerpt":{"rendered":"<p>Um okkur Vi\u00f0 byggjum \u00e1 \u00e1ratuga \u00feekkingu og reynslu. Velkomin til okkar! Vin.is hefur \u00fea\u00f0 a\u00f0 markmi\u00f0i a\u00f0 selja v\u00edn me\u00f0 \u00e1byrg\u00f0 og bj\u00f3\u00f0a vi\u00f0skiptavinum s\u00ednum v\u00edn \u00e1 g\u00f3\u00f0u ver\u00f0i \u00ed \u00f6llum ver\u00f0flokkum. Vin.is a\u00f0sto\u00f0ar vi\u00f0skiptavini a\u00f0 velja \u00feau v\u00edn sem hentar hverju tilefni, hvort sem \u00fea\u00f0 eru vinir sem koma saman, starfsmannakv\u00f6ld, afm\u00e6lisveisla, br\u00fa\u00f0kaup [&hellip;]<\/p>","protected":false},"author":1,"featured_media":0,"parent":0,"menu_order":0,"comment_status":"closed","ping_status":"closed","template":"elementor_header_footer","meta":{"_acf_changed":false,"_themeisle_gutenberg_block_has_review":false,"footnotes":""},"class_list":["post-12","page","type-page","status-publish","hentry"],"acf":[],"jetpack_sharing_enabled":true,"_links":{"self":[{"href":"https:\/\/vin.is\/en\/wp-json\/wp\/v2\/pages\/12","targetHints":{"allow":["GET"]}}],"collection":[{"href":"https:\/\/vin.is\/en\/wp-json\/wp\/v2\/pages"}],"about":[{"href":"https:\/\/vin.is\/en\/wp-json\/wp\/v2\/types\/page"}],"author":[{"embeddable":true,"href":"https:\/\/vin.is\/en\/wp-json\/wp\/v2\/users\/1"}],"replies":[{"embeddable":true,"href":"https:\/\/vin.is\/en\/wp-json\/wp\/v2\/comments?post=12"}],"version-history":[{"count":43,"href":"https:\/\/vin.is\/en\/wp-json\/wp\/v2\/pages\/12\/revisions"}],"predecessor-version":[{"id":2628,"href":"https:\/\/vin.is\/en\/wp-json\/wp\/v2\/pages\/12\/revisions\/2628"}],"wp:attachment":[{"href":"https:\/\/vin.is\/en\/wp-json\/wp\/v2\/media?parent=12"}],"curies":[{"name":"wp","href":"https:\/\/api.w.org\/{rel}","templated":true}]}}